{"id":1627,"date":"2017-03-01T16:48:51","date_gmt":"2017-03-01T15:48:51","guid":{"rendered":"http:\/\/healthcareindanger.org\/es\/?page_id=1627"},"modified":"2017-04-21T16:25:22","modified_gmt":"2017-04-21T15:25:22","slug":"campaign-kit-new","status":"publish","type":"page","link":"https:\/\/healthcareindanger.org\/es\/campaign-kit-new\/","title":{"rendered":"Materiales de la campa\u00f1a"},"content":{"rendered":"<p>Gracias por ayudarnos a difundir este mensaje: Debe ponerse fin a la violencia contra la asistencia de salud.<\/p>\n<p>Puede compartir los materiales de nuestra campa\u00f1a en los medios sociales. Cuando lo haga, no olvide incluir el hashtag <strong>#ProtectHealthCare<\/strong>.<\/p>\n<p>Para descargar los recursos, haga clic en estos enlaces:<\/p>\n<p><strong>Folleto de la campa\u00f1a<\/strong>\u00a0<a href=\"http:\/\/healthcareindanger.org\/wp-content\/uploads\/2017\/04\/4294_003.pdf\"><em>\u201cPasar a la acci\u00f3n\u201d <\/em><\/a>\u2013 Un recurso \u00fatil, que puede distribuirse en eventos o publicarse como PDF. Puede imprimir el folleto o solicitarlo a trav\u00e9s de nuestra tienda en l\u00ednea.<\/p>\n<p><strong>Pel\u00edcula <\/strong>(13 minutos) <em>\u201cEl costo humano\u201d <\/em>de la violencia contra la asistencia de salud. Un material perfecto para sensibilizar acerca de la violencia contra la asistencia de salud. Puede proyectarlo en eventos, mesas redondas, conferencias y debates, y publicarlo en su sitio web. <a href=\"https:\/\/www.youtube.com\/watch?v=2n5mUv3PyOc\">V\u00e9alo en l\u00ednea<\/a>\u00a0o <a href=\"https:\/\/shop.icrc.org\/les-soins-de-sante-en-danger-le-cout-humain.html\">solicite un DVD<\/a>.<\/p>\n<p><strong>Destacado web<\/strong> \u201c<em>No se debe atacar a los trabajadores de la salud\u201d. <\/em>Por favor, difunda este material ampliamente. Cada vez que haya un ataque contra la asistencia de salud, publique este v\u00eddeo y sume su voz a la nuestra para decir: \u201cNo se debe atacar a los trabajadores de salud. #ProtectHealthCare\u201d. <a href=\"https:\/\/www.youtube.com\/watch?v=Es1T07jUi1Q\">Ver el v\u00eddeo<\/a>.<\/p>\n<p><strong><a href=\"http:\/\/www.healthcareindanger.org\/HCID.zip\">Descargue el banner de la campa\u00f1\u00e1 aqu\u00ed<\/a><\/strong><\/p>\n<p>Cuantas m\u00e1s personas sumen su voz a la campa\u00f1a, tanto m\u00e1s en\u00e9rgico ser\u00e1 el llamamiento a poner fin a la violencia contra la asistencia de salud.<\/p>\n<p>Comparta esta p\u00e1gina en:<\/p>\n<ul>\n<li><a href=\"http:\/\/www.twitter.com\/\"><u>Twitter<\/u><\/a><\/li>\n<li><a href=\"https:\/\/www.facebook.com\/sharer\/sharer.php?u=%20http%3A\/\/healthcareindanger.org\/campaign-kit\/\"><u>Facebook<\/u><\/a><\/li>\n<li><a href=\"https:\/\/www.linkedin.com\/shareArticle?mini=true&amp;url=http%3A\/\/healthcareindanger.org\/campaign-kit\/&amp;title=Campaign%20Kit&amp;summary=&amp;source=\"><u>LinkedIn<\/u><\/a><\/li>\n<\/ul>\n<p>&nbsp;<\/p>\n","protected":false},"excerpt":{"rendered":"<p>Gracias por ayudarnos a difundir este mensaje: Debe ponerse fin a la violencia contra la asistencia de salud. Puede compartir los materiales de nuestra campa\u00f1a en los medios sociales. Cuando lo haga, no olvide incluir el hashtag #ProtectHealthCare. Para descargar los recursos, haga clic en estos enlaces: Folleto de la campa\u00f1a\u00a0\u201cPasar a la acci\u00f3n\u201d \u2013&#8230;  <a class=\"excerpt-read-more\" href=\"https:\/\/healthcareindanger.org\/es\/campaign-kit-new\/\" title=\"Read Materiales de la campa\u00f1a\">Leer m\u00e1s \u00bb<\/a><\/p>\n","protected":false},"author":6,"featured_media":0,"parent":0,"menu_order":0,"comment_status":"closed","ping_status":"closed","template":"","meta":{"footnotes":""},"_links":{"self":[{"href":"https:\/\/healthcareindanger.org\/es\/wp-json\/wp\/v2\/pages\/1627"}],"collection":[{"href":"https:\/\/healthcareindanger.org\/es\/wp-json\/wp\/v2\/pages"}],"about":[{"href":"https:\/\/healthcareindanger.org\/es\/wp-json\/wp\/v2\/types\/page"}],"author":[{"embeddable":true,"href":"https:\/\/healthcareindanger.org\/es\/wp-json\/wp\/v2\/users\/6"}],"replies":[{"embeddable":true,"href":"https:\/\/healthcareindanger.org\/es\/wp-json\/wp\/v2\/comments?post=1627"}],"version-history":[{"count":3,"href":"https:\/\/healthcareindanger.org\/es\/wp-json\/wp\/v2\/pages\/1627\/revisions"}],"predecessor-version":[{"id":1744,"href":"https:\/\/healthcareindanger.org\/es\/wp-json\/wp\/v2\/pages\/1627\/revisions\/1744"}],"wp:attachment":[{"href":"https:\/\/healthcareindanger.org\/es\/wp-json\/wp\/v2\/media?parent=1627"}],"curies":[{"name":"wp","href":"https:\/\/api.w.org\/{rel}","templated":true}]}}