{"id":235,"date":"2015-10-14T15:21:00","date_gmt":"2015-10-14T14:21:00","guid":{"rendered":"http:\/\/doqblvd.preview.infomaniak.com\/?page_id=235"},"modified":"2018-08-30T10:06:41","modified_gmt":"2018-08-30T09:06:41","slug":"hcid-project-3","status":"publish","type":"page","link":"https:\/\/healthcareindanger.org\/es\/hcid-project-3\/","title":{"rendered":"EL PROYECTO"},"content":{"rendered":"<h2>Una iniciativa mundial<\/h2>\n<p>Asistencia de salud en peligro es una iniciativa del Movimiento Internacional de la Cruz Roja y de la Media Luna Roja cuya finalidad es encarar el problema de la violencia contra los pacientes, los trabajadores y las instalaciones de salud y los veh\u00edculos sanitarios, y fortalecer la seguridad del acceso a la asistencia de salud y de la prestaci\u00f3n de atenci\u00f3n m\u00e9dica en conflictos armados u otras situaciones de emergencia.<\/p>\n<p>Trabajamos en tres \u00e1mbitos distintos pero relacionados entre s\u00ed:<\/p>\n<h3><strong>Campa\u00f1a de sensibilizaci\u00f3n<\/strong><\/h3>\n<p>La campa\u00f1a \u00abVida o muerte\u00bb destaca las consecuencias en t\u00e9rminos humanitarios de la violencia contra los trabajadores de salud y procura fortalecer la comprensi\u00f3n y el apoyo respecto de las iniciativas internacionales y nacionales encaminadas a protegerlos.<\/p>\n<p style=\"text-align: left;\"><a href=\"http:\/\/healthcareindanger.org\/wp-content\/uploads\/2015\/08\/life-and-death-campaign-02.jpg\"><img loading=\"lazy\" decoding=\"async\" class=\"size-medium wp-image-203 aligncenter\" src=\"http:\/\/healthcareindanger.org\/wp-content\/uploads\/2015\/08\/life-and-death-campaign-02-300x212.jpg\" alt=\"life-and-death-campaign-02\" width=\"300\" height=\"212\" srcset=\"https:\/\/healthcareindanger.org\/wp-content\/uploads\/2015\/08\/life-and-death-campaign-02-300x212.jpg 300w, https:\/\/healthcareindanger.org\/wp-content\/uploads\/2015\/08\/life-and-death-campaign-02.jpg 832w\" sizes=\"(max-width: 300px) 100vw, 300px\" \/><\/a><\/p>\n<p style=\"text-align: left;\">\n<strong><a href=\"http:\/\/healthcareindanger.org\/es\/resource-centre-3\/\">\u00bfDESEA HACER O\u00cdR SU VOZ? DESCARGUE EL MATERIAL DE LA CAMPA\u00d1A<\/a><\/strong><\/p>\n<h3><strong>Consolidar y mejorar las pr\u00e1cticas sobre el terreno y las respuestas a la violencia en el plano nacional<\/strong><\/h3>\n<p>Asistencia de salud en peligro apoya la implementaci\u00f3n de medidas y respuestas operacionales concretas y pr\u00e1cticas a nivel nacional y local para prevenir la violencia y proteger la asistencia de salud en conflictos armados u otras situaciones de emergencia. Nuestro objetivo es lograr que los gobiernos fortalezcan la legislaci\u00f3n interna relativa a esta cuesti\u00f3n y que esas medidas se transformen en la pr\u00e1ctica normal para todas las partes interesadas.<\/p>\n<p><strong><a href=\"http:\/\/healthcareindanger.org\/es\/campaign-kit-new\/\">DESCARGAR LAS PUBLICACIONES DE LA INICIATIVA ASISTENCIA DE SALUD EN PELIGRO PARA OBTENER INFORMACI\u00d3N ACERCA DE LAS FORMAS PR\u00c1CTICAS DE PROTEGER LA ASISTENCIA DE SALUD.<\/a><\/strong><\/p>\n<h3><strong>Movilizaci\u00f3n de una amplia Comunidad de inter\u00e9s<\/strong><\/h3>\n<p>La Comunidad de inter\u00e9s es un catalizador del cambio que apoya, a nivel local, la implementaci\u00f3n de recomendaciones y medidas para proteger la asistencia de salud. Est\u00e1 integrada por profesionales de la salud, gobiernos, portadores de armas, representantes de la sociedad civil, ONG, organizaciones internacionales y otros. Junto con esta comunidad y a trav\u00e9s de actividades de investigaci\u00f3n, debates, consultas y talleres celebrados en todo el mundo, el proyecto Asistencia de salud en peligro ha producido una serie de recomendaciones y medidas pr\u00e1cticas para proteger los servicios de asistencia de salud.<\/p>\n<p><strong><a href=\"http:\/\/community.healthcareindanger.org\/join\/\">LLAMAMIENTO PARA EL CAMBIO. S\u00daMESE A LA COMUNIDAD DE INTER\u00c9S DE ASISTENCIA DE SALUD EN PELIGRO<\/a><\/strong><\/p>\n","protected":false},"excerpt":{"rendered":"<p>Una iniciativa mundial Asistencia de salud en peligro es una iniciativa del Movimiento Internacional de la Cruz Roja y de la Media Luna Roja cuya finalidad es encarar el problema de la violencia contra los pacientes, los trabajadores y las instalaciones de salud y los veh\u00edculos sanitarios, y fortalecer la seguridad del acceso a la&#8230;  <a class=\"excerpt-read-more\" href=\"https:\/\/healthcareindanger.org\/es\/hcid-project-3\/\" title=\"Read EL PROYECTO\">Leer m\u00e1s \u00bb<\/a><\/p>\n","protected":false},"author":19,"featured_media":0,"parent":0,"menu_order":0,"comment_status":"closed","ping_status":"closed","template":"template-the-issue.php","meta":{"footnotes":""},"_links":{"self":[{"href":"https:\/\/healthcareindanger.org\/es\/wp-json\/wp\/v2\/pages\/235"}],"collection":[{"href":"https:\/\/healthcareindanger.org\/es\/wp-json\/wp\/v2\/pages"}],"about":[{"href":"https:\/\/healthcareindanger.org\/es\/wp-json\/wp\/v2\/types\/page"}],"author":[{"embeddable":true,"href":"https:\/\/healthcareindanger.org\/es\/wp-json\/wp\/v2\/users\/19"}],"replies":[{"embeddable":true,"href":"https:\/\/healthcareindanger.org\/es\/wp-json\/wp\/v2\/comments?post=235"}],"version-history":[{"count":14,"href":"https:\/\/healthcareindanger.org\/es\/wp-json\/wp\/v2\/pages\/235\/revisions"}],"predecessor-version":[{"id":1969,"href":"https:\/\/healthcareindanger.org\/es\/wp-json\/wp\/v2\/pages\/235\/revisions\/1969"}],"wp:attachment":[{"href":"https:\/\/healthcareindanger.org\/es\/wp-json\/wp\/v2\/media?parent=235"}],"curies":[{"name":"wp","href":"https:\/\/api.w.org\/{rel}","templated":true}]}}