{"id":239,"date":"2015-08-26T08:29:12","date_gmt":"2015-08-26T07:29:12","guid":{"rendered":"http:\/\/doqblvd.preview.infomaniak.com\/?page_id=239"},"modified":"2015-11-17T20:53:01","modified_gmt":"2015-11-17T19:53:01","slug":"the-issue","status":"publish","type":"page","link":"https:\/\/healthcareindanger.org\/es\/the-issue\/","title":{"rendered":"EL PROBLEMA"},"content":{"rendered":"<h2>Una cuesti\u00f3n humanitaria de importancia cr\u00edtica<\/h2>\n<p>Es en las hostilidades cuando m\u00e1s se necesitan los servicios de asistencia de salud, pero \u00e9se es tambi\u00e9n su momento de mayor vulnerabilidad a los ataques. Los m\u00e9dicos y los enfermeros, los choferes de ambulancia y los param\u00e9dicos, los hospitales y los centros de salud, e incluso los heridos y enfermos: todos son afectados por ataques.<\/p>\n<p>Esta violencia puede alterar el funcionamiento del sistema de salud cuando las personas m\u00e1s lo necesitan. Los combatientes y los civiles mueren solamente porque se les impide recibir a tiempo la atenci\u00f3n m\u00e9dica que requieren. Comunidades enteras quedan sin servicios vitales, como la atenci\u00f3n de maternidad, la pediatr\u00eda y la vacunaci\u00f3n. A veces, las perturbaciones son tan graves que causan el colapso del sistema entero.<\/p>\n<p>La violencia contra el personal y las instalaciones de salud y los veh\u00edculos sanitarios es, por consiguiente, una cuesti\u00f3n humanitaria con efectos generalizados y de largo plazo. Debemos encarar este problema juntos.<\/p>\n<div class=\"arve\" data-mode=\"normal\" data-oembed=\"1\" data-provider=\"youtube\" id=\"arve-youtube-2n5muv3pyoc69dd1fd5365ec557399347\" style=\"max-width:680px;\">\n<span class=\"arve-inner\">\n<span class=\"arve-embed arve-embed--has-aspect-ratio\" style=\"aspect-ratio: 680 \/ 383\">\n<span class=\"arve-ar\" style=\"padding-top:56.323529%\"><\/span><iframe loading=\"lazy\" allow=\"accelerometer; autoplay; clipboard-write; encrypted-media; gyroscope; picture-in-picture\" allowfullscreen class=\"arve-iframe fitvidsignore\" data-arve=\"arve-youtube-2n5muv3pyoc69dd1fd5365ec557399347\" data-src-no-ap=\"https:\/\/www.youtube-nocookie.com\/embed\/2n5mUv3PyOc?feature=oembed&amp;iv_load_policy=3&amp;modestbranding=1&amp;rel=0&amp;autohide=1&amp;playsinline=0&amp;autoplay=0\" frameborder=\"0\" height=\"383\" sandbox=\"allow-scripts allow-same-origin allow-presentation allow-popups allow-popups-to-escape-sandbox\" scrolling=\"no\" src=\"https:\/\/www.youtube-nocookie.com\/embed\/2n5mUv3PyOc?feature=oembed&#038;iv_load_policy=3&#038;modestbranding=1&#038;rel=0&#038;autohide=1&#038;playsinline=0&#038;autoplay=0\" width=\"680\"><\/iframe>\n\n<\/span>\n\n<\/span>\n<script type=\"application\/ld+json\">{\"@context\":\"http:\\\/\\\/schema.org\\\/\",\"@id\":\"https:\\\/\\\/healthcareindanger.org\\\/es\\\/the-issue\\\/#arve-youtube-2n5muv3pyoc69dd1fd5365ec557399347\",\"type\":\"VideoObject\",\"embedURL\":\"https:\\\/\\\/www.youtube-nocookie.com\\\/embed\\\/2n5mUv3PyOc?feature=oembed&iv_load_policy=3&modestbranding=1&rel=0&autohide=1&playsinline=0&autoplay=0\"}<\/script>\n<\/div>\n\n<p><em><strong>Asistencia de salud en peligro: El costo humano.<\/strong> A trav\u00e9s de las voces de m\u00e9dicos, enfermeras y enfermeros, choferes de ambulancia y pacientes, esta pel\u00edcula ilustra el costo humano de la violencia contra el personal y las instalaciones de salud.\u00a0<\/em><\/p>\n<hr \/>\n<h2>Las m\u00faltiples formas de la violencia<\/h2>\n<p>A trav\u00e9s de sus actividades de investigaci\u00f3n y su labor sobre el terreno, el CICR ha identificado una serie de cuestiones que exigen una atenci\u00f3n particular, como la vulnerabilidad de las instalaciones de salud a los ataques y saqueos, el n\u00famero de los ataques contra prestadores de asistencia de salud locales (que representan m\u00e1s del 90% de los incidentes registrados por el CICR) y las frecuentes violaciones de los principios \u00e9ticos del personal m\u00e9dico, en particular la confidencialidad m\u00e9dica y la no discriminaci\u00f3n entre pacientes.<\/p>\n<p>Es indispensable comprender la violencia contra la asistencia de salud. Para ello, es preciso examinar las diferentes formas que puede adoptar, qui\u00e9nes son los blancos y qui\u00e9nes los perpetradores. S\u00f3lo entonces ser\u00e1 posible adoptar medidas eficaces para garantizar que los heridos y enfermos tengan acceso a la asistencia de salud y que las instalaciones y el personal que los atiende est\u00e9n disponibles, cuenten con los insumos y equipos m\u00e9dicos adecuados y puedan desenvolverse en condiciones seguras.<\/p>\n","protected":false},"excerpt":{"rendered":"<p>Una cuesti\u00f3n humanitaria de importancia cr\u00edtica Es en las hostilidades cuando m\u00e1s se necesitan los servicios de asistencia de salud, pero \u00e9se es tambi\u00e9n su momento de mayor vulnerabilidad a los ataques. Los m\u00e9dicos y los enfermeros, los choferes de ambulancia y los param\u00e9dicos, los hospitales y los centros de salud, e incluso los heridos&#8230;  <a class=\"excerpt-read-more\" href=\"https:\/\/healthcareindanger.org\/es\/the-issue\/\" title=\"Read EL PROBLEMA\">Leer m\u00e1s \u00bb<\/a><\/p>\n","protected":false},"author":19,"featured_media":0,"parent":0,"menu_order":0,"comment_status":"closed","ping_status":"closed","template":"template-the-issue.php","meta":{"footnotes":""},"_links":{"self":[{"href":"https:\/\/healthcareindanger.org\/es\/wp-json\/wp\/v2\/pages\/239"}],"collection":[{"href":"https:\/\/healthcareindanger.org\/es\/wp-json\/wp\/v2\/pages"}],"about":[{"href":"https:\/\/healthcareindanger.org\/es\/wp-json\/wp\/v2\/types\/page"}],"author":[{"embeddable":true,"href":"https:\/\/healthcareindanger.org\/es\/wp-json\/wp\/v2\/users\/19"}],"replies":[{"embeddable":true,"href":"https:\/\/healthcareindanger.org\/es\/wp-json\/wp\/v2\/comments?post=239"}],"version-history":[{"count":5,"href":"https:\/\/healthcareindanger.org\/es\/wp-json\/wp\/v2\/pages\/239\/revisions"}],"predecessor-version":[{"id":486,"href":"https:\/\/healthcareindanger.org\/es\/wp-json\/wp\/v2\/pages\/239\/revisions\/486"}],"wp:attachment":[{"href":"https:\/\/healthcareindanger.org\/es\/wp-json\/wp\/v2\/media?parent=239"}],"curies":[{"name":"wp","href":"https:\/\/api.w.org\/{rel}","templated":true}]}}