{"id":240,"date":"2015-10-14T15:21:28","date_gmt":"2015-10-14T14:21:28","guid":{"rendered":"http:\/\/doqblvd.preview.infomaniak.com\/?page_id=240"},"modified":"2017-04-20T14:00:16","modified_gmt":"2017-04-20T13:00:16","slug":"what-can-be-done-3","status":"publish","type":"page","link":"https:\/\/healthcareindanger.org\/es\/what-can-be-done-3\/","title":{"rendered":"Qu\u00e9 se puede hacer"},"content":{"rendered":"<h2><strong>Seis prioridades<\/strong><\/h2>\n<p>El proyecto Asistencia de salud en peligro ha identificado <strong>seis \u00e1mbitos<\/strong> en los cuales todas las partes interesadas deben priorizar la traducci\u00f3n de los compromisos en acciones concretas. Para cada uno de esos \u00e1mbitos, el proyecto Asistencia de salud en peligro ha elaborado una serie de recomendaciones y medidas pr\u00e1cticas para orientar las acciones de actores relevantes. Estas abordan una serie de aspectos relevantes para la <strong>prevenci\u00f3n<\/strong>\u00a0de la violencia contra la asistencia de salud y para la <strong>reducci\u00f3n del impacto<\/strong>\u00a0de la inseguridad en el\u00a0<strong>acceso seguro y la atenci\u00f3n de salud.<\/strong><\/p>\n<a href=\"http:\/\/healthcareindanger.org\/wp-content\/uploads\/2017\/04\/4294_003.pdf\"><img loading=\"lazy\" decoding=\"async\" class=\"wp-image-1729 alignright\" src=\"http:\/\/healthcareindanger.org\/wp-content\/uploads\/2017\/04\/4294_003-1.jpg\" alt=\"HCID Leaflet on recommendations\" width=\"155\" height=\"220\" srcset=\"https:\/\/healthcareindanger.org\/wp-content\/uploads\/2017\/04\/4294_003-1.jpg 800w, https:\/\/healthcareindanger.org\/wp-content\/uploads\/2017\/04\/4294_003-1-211x300.jpg 211w, https:\/\/healthcareindanger.org\/wp-content\/uploads\/2017\/04\/4294_003-1-768x1090.jpg 768w, https:\/\/healthcareindanger.org\/wp-content\/uploads\/2017\/04\/4294_003-1-722x1024.jpg 722w\" sizes=\"(max-width: 155px) 100vw, 155px\" \/><\/a>\n<p>Estas recomendaciones y medidas pr\u00e1cticas son resultado de un proceso de dos a\u00f1os de duraci\u00f3n durante el cual se celebraron consultas y di\u00e1logos con muchos grupos e individuos distintos: gobiernos, fuerzas armadas, grupos armados, asociaciones profesionales internacionales, trabajadores de la salud, organizaciones humanitarias, grupos de la sociedad civil, l\u00edderes religiosos y muchos m\u00e1s.<\/p>\n<p>Su objetivo es generar respeto por el derecho internacional humanitario, por la acci\u00f3n humanitaria basada en principios y por el trabajo de los servicios de asistencia de salud, que salva vidas.<\/p>\n<p>Mediante la implementaci\u00f3n de las recomendaciones y medidas del proyecto Asistencia de salud en peligro, los pa\u00edses pueden mejorar la protecci\u00f3n del personal y las instalaciones de salud y de los veh\u00edculos sanitarios, ayudar a reforzar la resiliencia de su sistema nacional de salud y fortalecer la seguridad del acceso a la atenci\u00f3n m\u00e9dica y de la prestaci\u00f3n de asistencia de salud imparcial y efectiva, en particular durante conflictos armados u otras situaciones de emergencia.<\/p>\n","protected":false},"excerpt":{"rendered":"<p>Seis prioridades El proyecto Asistencia de salud en peligro ha identificado seis \u00e1mbitos en los cuales todas las partes interesadas deben priorizar la traducci\u00f3n de los compromisos en acciones concretas. Para cada uno de esos \u00e1mbitos, el proyecto Asistencia de salud en peligro ha elaborado una serie de recomendaciones y medidas pr\u00e1cticas para orientar las&#8230;  <a class=\"excerpt-read-more\" href=\"https:\/\/healthcareindanger.org\/es\/what-can-be-done-3\/\" title=\"Read Qu\u00e9 se puede hacer\">Leer m\u00e1s \u00bb<\/a><\/p>\n","protected":false},"author":19,"featured_media":0,"parent":0,"menu_order":0,"comment_status":"closed","ping_status":"closed","template":"template-the-issue.php","meta":{"footnotes":""},"_links":{"self":[{"href":"https:\/\/healthcareindanger.org\/es\/wp-json\/wp\/v2\/pages\/240"}],"collection":[{"href":"https:\/\/healthcareindanger.org\/es\/wp-json\/wp\/v2\/pages"}],"about":[{"href":"https:\/\/healthcareindanger.org\/es\/wp-json\/wp\/v2\/types\/page"}],"author":[{"embeddable":true,"href":"https:\/\/healthcareindanger.org\/es\/wp-json\/wp\/v2\/users\/19"}],"replies":[{"embeddable":true,"href":"https:\/\/healthcareindanger.org\/es\/wp-json\/wp\/v2\/comments?post=240"}],"version-history":[{"count":8,"href":"https:\/\/healthcareindanger.org\/es\/wp-json\/wp\/v2\/pages\/240\/revisions"}],"predecessor-version":[{"id":1733,"href":"https:\/\/healthcareindanger.org\/es\/wp-json\/wp\/v2\/pages\/240\/revisions\/1733"}],"wp:attachment":[{"href":"https:\/\/healthcareindanger.org\/es\/wp-json\/wp\/v2\/media?parent=240"}],"curies":[{"name":"wp","href":"https:\/\/api.w.org\/{rel}","templated":true}]}}