{"id":4411,"date":"2020-05-27T15:32:47","date_gmt":"2020-05-27T14:32:47","guid":{"rendered":"http:\/\/healthcareindanger.org\/?page_id=4411"},"modified":"2020-05-28T09:35:13","modified_gmt":"2020-05-28T08:35:13","slug":"declaracion-de-la-comunidad-de-interes-de-asistencia-de-salud-en-peligro-acerca-de-la-actual-situacion-de-violencia-contra-la-asistencia-de-salud","status":"publish","type":"page","link":"https:\/\/healthcareindanger.org\/es\/resource-centre-3\/declaracion-de-la-comunidad-de-interes-de-asistencia-de-salud-en-peligro-acerca-de-la-actual-situacion-de-violencia-contra-la-asistencia-de-salud\/","title":{"rendered":"Declaraci\u00f3n de la comunidad de inter\u00e9s de \u201cAsistencia de salud en peligro\u201d acerca de la actual situaci\u00f3n de violencia contra la asistencia de salud"},"content":{"rendered":"<p><strong>Declaraci\u00f3n de la comunidad de inter\u00e9s de \u201cAsistencia de salud en peligro\u201d acerca de la actual situaci\u00f3n de violencia contra la asistencia de salud<\/strong><\/p>\n<p>En primer lugar, deseamos expresar nuestro m\u00e1s sincero apoyo a todos los trabajadores de la salud que responden a la pandemia de COVID-19, as\u00ed como tambi\u00e9n a quienes trabajan sin descanso en tantas otras \u00e1reas de la asistencia de salud. Los trabajadores y las instalaciones de salud, al igual que los veh\u00edculos sanitarios, nunca deben ser objeto de violencia. Instamos a los gobiernos, las comunidades y los portadores de armas a que respeten y protejan la asistencia de salud en todo momento, as\u00ed como a que contribuyan a crear un entorno de protecci\u00f3n en el cual se pueda prestar asistencia de salud de manera segura.<\/p>\n<p>Lamentablemente, la triste realidad indica que, durante mucho tiempo, los trabajadores de la salud han sido objeto de numerosas formas de violencia impactantes. Las recientes demostraciones de apoyo p\u00fablico a los socorristas de COVID-19 son reconfortantes; no obstante, muchos de ellos sufren acoso, estigmatizaci\u00f3n y violencia f\u00edsica. Incluso, algunos profesionales de la salud y las personas a quienes atend\u00edan han sido asesinados. Desde el comienzo de la pandemia, se han registrado al menos 208 informes de estos incidentes, que se suman, d\u00eda tras d\u00eda, a nuevas historias de intimidaci\u00f3n y de da\u00f1o.<\/p>\n<p>No se debe tolerar la violencia contra la asistencia de salud. Nos oponemos firmemente a esta violencia y, como comunidad mundial, trabajamos para construir un mundo donde los trabajadores de la salud y los pacientes est\u00e9n seguros y sean respetados. Instamos a todas las personas que lean este mensaje a que, junto con nosotros, protejan de la violencia a la asistencia de salud. Este llamamiento no va dirigido solo a las personas: instamos a todos los gobiernos a actuar contra la desinformaci\u00f3n y a garantizar que la asistencia de salud reciba protecci\u00f3n por medio de la legislaci\u00f3n nacional, que todos los profesionales de la salud tengan un entorno de trabajo seguro y que se ofrezca apoyo en materia de salud mental no solo a las v\u00edctimas de violencia, sino tambi\u00e9n a las personas que trabajan bajo niveles de estr\u00e9s cada vez m\u00e1s altos.<\/p>\n<p><strong>Signatarios:<\/strong>:<br \/>\nRobert Mardini, director general, Com<strong>it\u00e9 Internacional de la Cruz Roja<\/strong><br \/>\nJagan Chapagain, secretario general, <strong>Federaci\u00f3n Internacional de Sociedades de la Cruz Roja y de la Media Luna Roja<\/strong><br \/>\nChristina Wille, directora, <strong>Insecurity Insight<\/strong><br \/>\nGeneral de divisi\u00f3n Geert Laire, secretario general, <strong>Comit\u00e9 Internacional de Medicina Militar<\/strong><br \/>\nAnnette Kennedy, presidente, <strong>Consejo Internacional de Enfermeras<\/strong><br \/>\nEric de Roodenbeke, director ejecutivo, <strong>Federaci\u00f3n Internacional de Hospitales<\/strong><br \/>\nTammy Yu, oficial de enlace para asuntos de derechos humanos y paz, <strong>Federaci\u00f3n Internacional de Asociaciones de Estudiantes de Medicina<\/strong><br \/>\nPhilippe de Botton, presidente, <strong>M\u00e9dicos del Mundo<\/strong><br \/>\nDonna McKay, directora ejecutiva, <strong>M\u00e9dicos en pro de los Derechos Humanos<\/strong><br \/>\nLeonard Rubenstein, presidente, <strong>Coalici\u00f3n para Proteger la Salud en Situaciones de Conflicto<\/strong><br \/>\nEmma K. Stokes, presidente, <strong>Confederaci\u00f3n Mundial de Fisioterapia<\/strong><br \/>\nDavid Gordon, presidente, <strong>Federaci\u00f3n Mundial de Educaci\u00f3n M\u00e9dica<\/strong><br \/>\nFrank Ulrich Montgomery, presidente del Consejo, <strong>Asociaci\u00f3n M\u00e9dica Mundial<\/strong><\/p>\n<p><a href=\"http:\/\/healthcareindanger.org\/wp-content\/uploads\/2020\/05\/Declaration_HCiD_Current_Situation_against_HC_PDF1-002.pdf\"><strong>Descargar PDF AQU\u00cc (EN)<\/strong><\/a><\/p>\n","protected":false},"excerpt":{"rendered":"<p>Declaraci\u00f3n de la comunidad de inter\u00e9s de \u201cAsistencia de salud en peligro\u201d acerca de la actual situaci\u00f3n de violencia contra la asistencia de salud En primer lugar, deseamos expresar nuestro m\u00e1s sincero apoyo a todos los trabajadores de la salud que responden a la pandemia de COVID-19, as\u00ed como tambi\u00e9n a quienes trabajan sin descanso&#8230;  <a class=\"excerpt-read-more\" href=\"https:\/\/healthcareindanger.org\/es\/resource-centre-3\/declaracion-de-la-comunidad-de-interes-de-asistencia-de-salud-en-peligro-acerca-de-la-actual-situacion-de-violencia-contra-la-asistencia-de-salud\/\" title=\"Read Declaraci\u00f3n de la comunidad de inter\u00e9s de \u201cAsistencia de salud en peligro\u201d acerca de la actual situaci\u00f3n de violencia contra la asistencia de salud\">Leer m\u00e1s \u00bb<\/a><\/p>\n","protected":false},"author":6,"featured_media":4440,"parent":237,"menu_order":0,"comment_status":"closed","ping_status":"closed","template":"","meta":{"footnotes":""},"_links":{"self":[{"href":"https:\/\/healthcareindanger.org\/es\/wp-json\/wp\/v2\/pages\/4411"}],"collection":[{"href":"https:\/\/healthcareindanger.org\/es\/wp-json\/wp\/v2\/pages"}],"about":[{"href":"https:\/\/healthcareindanger.org\/es\/wp-json\/wp\/v2\/types\/page"}],"author":[{"embeddable":true,"href":"https:\/\/healthcareindanger.org\/es\/wp-json\/wp\/v2\/users\/6"}],"replies":[{"embeddable":true,"href":"https:\/\/healthcareindanger.org\/es\/wp-json\/wp\/v2\/comments?post=4411"}],"version-history":[{"count":5,"href":"https:\/\/healthcareindanger.org\/es\/wp-json\/wp\/v2\/pages\/4411\/revisions"}],"predecessor-version":[{"id":4475,"href":"https:\/\/healthcareindanger.org\/es\/wp-json\/wp\/v2\/pages\/4411\/revisions\/4475"}],"up":[{"embeddable":true,"href":"https:\/\/healthcareindanger.org\/es\/wp-json\/wp\/v2\/pages\/237"}],"wp:featuredmedia":[{"embeddable":true,"href":"https:\/\/healthcareindanger.org\/es\/wp-json\/wp\/v2\/media\/4440"}],"wp:attachment":[{"href":"https:\/\/healthcareindanger.org\/es\/wp-json\/wp\/v2\/media?parent=4411"}],"curies":[{"name":"wp","href":"https:\/\/api.w.org\/{rel}","templated":true}]}}