{"id":1637,"date":"2017-01-09T10:31:43","date_gmt":"2017-01-09T09:31:43","guid":{"rendered":"http:\/\/healthcareindanger.org\/fr\/campaign-kit-new\/"},"modified":"2017-10-10T10:41:46","modified_gmt":"2017-10-10T09:41:46","slug":"campaign-kit-new","status":"publish","type":"page","link":"https:\/\/healthcareindanger.org\/fr\/campaign-kit-new\/","title":{"rendered":"Kit de campagne"},"content":{"rendered":"<p>Vous aussi, clamez haut et fort que la violence contre les soins de sant\u00e9 doit cesser<\/p>\n<p>Pour nous aider \u00e0 passer le message, vous pouvez partager nos outils promotionnels sur les r\u00e9seaux sociaux sous le hashtag <strong>#ProtectHealthCare<\/strong>.<\/p>\n<p>Pour les t\u00e9l\u00e9charger, cliquez sur les liens ci-dessous :<\/p>\n<p>D\u00e9pliant <a href=\"http:\/\/healthcareindanger.org\/wp-content\/uploads\/2017\/04\/4294_001_Agir_maintenant.pdf\"><strong>Il est temps d\u2019agir !<\/strong><\/a>\u00a0 \u2013 \u00c0 distribuer lors de manifestations, ou \u00e0 publier\/poster au format PDF. Vous pouvez l\u2019imprimer ou le commander sur notre boutique en ligne.<\/p>\n<p>Film <strong>Les soins de sant\u00e9 en danger : le co\u00fbt humain<\/strong> (dur\u00e9e : 13 min) \u2013 Parfait outil de sensibilisation au probl\u00e8me de la violence contre les soins de sant\u00e9, ce film est \u00e0 diffuser lors de manifestations \u2013 tables rondes, conf\u00e9rences, d\u00e9bats \u2013 ou \u00e0 mettre en ligne sur votre site Web. Vous pouvez le <a href=\"https:\/\/www.youtube.com\/watch?v=0J_2DYhEEts\"> visionner en ligne<\/a>, le t\u00e9l\u00e9charger ou <a href=\"https:\/\/shop.icrc.org\/les-soins-de-sante-en-danger-le-cout-humain.html?___store=fr&amp;___from_store=default\">commander le DVD<\/a>.<\/p>\n<p>Spot pour le Web<strong> <a href=\"https:\/\/www.youtube.com\/watch?v=D70B7IzfwHg\">Les personnels de sant\u00e9 ne doivent pas \u00eatre l\u2019objet d\u2019attaques<\/a><\/strong>\u00a0 et <a href=\"https:\/\/www.icrc.org\/fr\/document\/halte-aux-attaques-patients-personnel-medical-hopitaux-et-ambulances-ne-sont-pas-une-cible\"><strong>Halte aux attaques : les patients, le personnel m\u00e9dical, les h\u00f4pitaux et les ambulances ne sont #PasUneCible <\/strong><\/a>\u2013 \u00c0 diffuser le plus largement possible\u00a0(t\u00e9l\u00e9charger la vid\u00e9o). Chaque fois que des personnels de sant\u00e9 sont pris pour cible dans des zones de conflit, publiez cette vid\u00e9o sous le hashtag <strong>#ProtectHealthCare<\/strong> pour clamer haut et fort \u00e0 nos c\u00f4t\u00e9s que la violence contre les soins de sant\u00e9 doit cesser !<\/p>\n<p><a href=\"http:\/\/www.healthcareindanger.org\/HCID.zip\">Banni\u00e8re promotionnelle<\/a><\/p>\n<p>Il faut parler fort pour \u00eatre entendu. Unissons nos voix pour exiger l\u2019arr\u00eat des violences contre les soins de sant\u00e9 !<\/p>\n<p>Partagez cette page sur :<br \/>\n<a href=\"http:\/\/www.twitter.com\">Twitter<\/a><br \/>\n<a href=\"https:\/\/www.facebook.com\/sharer\/sharer.php?u=%20http%3A\/\/healthcareindanger.org\/campaign-kit\/\">Facebook<\/a><br \/>\n<a href=\"https:\/\/www.linkedin.com\/shareArticle?mini=true&amp;url=http%3A\/\/healthcareindanger.org\/campaign-kit\/&amp;title=Campaign%20Kit&amp;summary=&amp;source=\">LinkedIn<\/a><\/p>\n","protected":false},"excerpt":{"rendered":"<p>Vous aussi, clamez haut et fort que la violence contre les soins de sant\u00e9 doit cesser Pour nous aider \u00e0 passer le message, vous pouvez partager nos outils promotionnels sur les r\u00e9seaux sociaux sous le hashtag #ProtectHealthCare. Pour les t\u00e9l\u00e9charger, cliquez sur les liens ci-dessous : D\u00e9pliant Il est temps d\u2019agir !\u00a0 \u2013 \u00c0 distribuer&#8230;  <a class=\"excerpt-read-more\" href=\"https:\/\/healthcareindanger.org\/fr\/campaign-kit-new\/\" title=\"LireKit de campagne\">En lire plus \u00bb<\/a><\/p>\n","protected":false},"author":5,"featured_media":0,"parent":0,"menu_order":0,"comment_status":"closed","ping_status":"closed","template":"","meta":{"footnotes":""},"_links":{"self":[{"href":"https:\/\/healthcareindanger.org\/fr\/wp-json\/wp\/v2\/pages\/1637"}],"collection":[{"href":"https:\/\/healthcareindanger.org\/fr\/wp-json\/wp\/v2\/pages"}],"about":[{"href":"https:\/\/healthcareindanger.org\/fr\/wp-json\/wp\/v2\/types\/page"}],"author":[{"embeddable":true,"href":"https:\/\/healthcareindanger.org\/fr\/wp-json\/wp\/v2\/users\/5"}],"replies":[{"embeddable":true,"href":"https:\/\/healthcareindanger.org\/fr\/wp-json\/wp\/v2\/comments?post=1637"}],"version-history":[{"count":7,"href":"https:\/\/healthcareindanger.org\/fr\/wp-json\/wp\/v2\/pages\/1637\/revisions"}],"predecessor-version":[{"id":1842,"href":"https:\/\/healthcareindanger.org\/fr\/wp-json\/wp\/v2\/pages\/1637\/revisions\/1842"}],"wp:attachment":[{"href":"https:\/\/healthcareindanger.org\/fr\/wp-json\/wp\/v2\/media?parent=1637"}],"curies":[{"name":"wp","href":"https:\/\/api.w.org\/{rel}","templated":true}]}}