{"id":20988,"date":"2022-11-01T10:45:24","date_gmt":"2022-11-01T09:45:24","guid":{"rendered":"https:\/\/healthcareindanger.org\/2nd-americas-regional-hcid-meeting-2022\/"},"modified":"2022-11-25T14:13:17","modified_gmt":"2022-11-25T13:13:17","slug":"2nd-americas-regional-hcid-meeting-2022","status":"publish","type":"page","link":"https:\/\/healthcareindanger.org\/fr\/2nd-americas-regional-hcid-meeting-2022\/","title":{"rendered":"2nd AMERICAS Regional HCID meeting 2022"},"content":{"rendered":"\t\t<div data-elementor-type=\"wp-page\" data-elementor-id=\"20988\" class=\"elementor elementor-20988 elementor-20929\" data-elementor-post-type=\"page\">\n\t\t\t\t\t\t\t\t\t<section class=\"elementor-section elementor-top-section elementor-element elementor-element-6ae682b elementor-section-boxed elementor-section-height-default elementor-section-height-default\" data-id=\"6ae682b\" data-element_type=\"section\">\n\t\t\t\t\t\t<div class=\"elementor-container elementor-column-gap-default\">\n\t\t\t\t\t<div class=\"elementor-column elementor-col-33 elementor-top-column elementor-element elementor-element-fd15e69\" data-id=\"fd15e69\" data-element_type=\"column\">\n\t\t\t<div class=\"elementor-widget-wrap elementor-element-populated\">\n\t\t\t\t\t\t\t\t<div class=\"elementor-element elementor-element-b00a57b elementor-align-center elementor-widget elementor-widget-button\" data-id=\"b00a57b\" data-element_type=\"widget\" data-widget_type=\"button.default\">\n\t\t\t\t<div class=\"elementor-widget-container\">\n\t\t\t\t\t<div class=\"elementor-button-wrapper\">\n\t\t\t<a class=\"elementor-button elementor-button-link elementor-size-xs\" href=\"https:\/\/healthcareindanger.org\/es\/2nd-americas-regional-hcid-meeting-2022\/\">\n\t\t\t\t\t\t<span class=\"elementor-button-content-wrapper\">\n\t\t\t\t\t\t<span class=\"elementor-button-text\">clic aqu\u00ed para el espa\u00f1ol<\/span>\n\t\t<\/span>\n\t\t\t\t\t<\/a>\n\t\t<\/div>\n\t\t\t\t<\/div>\n\t\t\t\t<\/div>\n\t\t\t\t\t<\/div>\n\t\t<\/div>\n\t\t\t\t<div class=\"elementor-column elementor-col-33 elementor-top-column elementor-element elementor-element-556043d\" data-id=\"556043d\" data-element_type=\"column\">\n\t\t\t<div class=\"elementor-widget-wrap elementor-element-populated\">\n\t\t\t\t\t\t\t\t<div class=\"elementor-element elementor-element-ea66af6 elementor-align-center elementor-widget elementor-widget-button\" data-id=\"ea66af6\" data-element_type=\"widget\" data-widget_type=\"button.default\">\n\t\t\t\t<div class=\"elementor-widget-container\">\n\t\t\t\t\t<div class=\"elementor-button-wrapper\">\n\t\t\t<a class=\"elementor-button elementor-button-link elementor-size-xs\" href=\"https:\/\/healthcareindanger.org\/wp-content\/uploads\/2022\/11\/concept-note-FRENCH-1.pdf\">\n\t\t\t\t\t\t<span class=\"elementor-button-content-wrapper\">\n\t\t\t\t\t\t<span class=\"elementor-button-text\">cliquez ici pour le fran\u00e7ais<\/span>\n\t\t<\/span>\n\t\t\t\t\t<\/a>\n\t\t<\/div>\n\t\t\t\t<\/div>\n\t\t\t\t<\/div>\n\t\t\t\t\t<\/div>\n\t\t<\/div>\n\t\t\t\t<div class=\"elementor-column elementor-col-33 elementor-top-column elementor-element elementor-element-7fc2d6f\" data-id=\"7fc2d6f\" data-element_type=\"column\">\n\t\t\t<div class=\"elementor-widget-wrap elementor-element-populated\">\n\t\t\t\t\t\t\t\t<div class=\"elementor-element elementor-element-52fe0eb elementor-align-center elementor-widget elementor-widget-button\" data-id=\"52fe0eb\" data-element_type=\"widget\" data-widget_type=\"button.default\">\n\t\t\t\t<div class=\"elementor-widget-container\">\n\t\t\t\t\t<div class=\"elementor-button-wrapper\">\n\t\t\t<a class=\"elementor-button elementor-button-link elementor-size-xs\" href=\"https:\/\/healthcareindanger.org\/wp-content\/uploads\/2022\/11\/concept-note-portuguese-1.pdf\">\n\t\t\t\t\t\t<span class=\"elementor-button-content-wrapper\">\n\t\t\t\t\t\t<span class=\"elementor-button-text\">clique aqui para portugu\u00eas<\/span>\n\t\t<\/span>\n\t\t\t\t\t<\/a>\n\t\t<\/div>\n\t\t\t\t<\/div>\n\t\t\t\t<\/div>\n\t\t\t\t\t<\/div>\n\t\t<\/div>\n\t\t\t\t\t\t\t<\/div>\n\t\t<\/section>\n\t\t\t\t<section class=\"elementor-section elementor-top-section elementor-element elementor-element-4920ef3a elementor-section-boxed elementor-section-height-default elementor-section-height-default\" data-id=\"4920ef3a\" data-element_type=\"section\">\n\t\t\t\t\t\t<div class=\"elementor-container elementor-column-gap-default\">\n\t\t\t\t\t<div class=\"elementor-column elementor-col-100 elementor-top-column elementor-element elementor-element-913d0e1\" data-id=\"913d0e1\" data-element_type=\"column\">\n\t\t\t<div class=\"elementor-widget-wrap elementor-element-populated\">\n\t\t\t\t\t\t\t\t\t<\/div>\n\t\t<\/div>\n\t\t\t\t\t\t\t<\/div>\n\t\t<\/section>\n\t\t\t\t<section class=\"elementor-section elementor-top-section elementor-element elementor-element-dd4510c elementor-section-boxed elementor-section-height-default elementor-section-height-default\" data-id=\"dd4510c\" data-element_type=\"section\">\n\t\t\t\t\t\t\t<div class=\"elementor-background-overlay\"><\/div>\n\t\t\t\t\t\t\t<div class=\"elementor-container elementor-column-gap-default\">\n\t\t\t\t\t<div class=\"elementor-column elementor-col-50 elementor-top-column elementor-element elementor-element-2e9fbca\" data-id=\"2e9fbca\" data-element_type=\"column\">\n\t\t\t<div class=\"elementor-widget-wrap elementor-element-populated\">\n\t\t\t\t\t\t\t\t<div class=\"elementor-element elementor-element-c25767d elementor-widget elementor-widget-image\" data-id=\"c25767d\" data-element_type=\"widget\" data-widget_type=\"image.default\">\n\t\t\t\t<div class=\"elementor-widget-container\">\n\t\t\t\t\t\t\t\t\t\t\t\t\t\t\t<img loading=\"lazy\" decoding=\"async\" width=\"680\" height=\"539\" src=\"https:\/\/healthcareindanger.org\/wp-content\/uploads\/2022\/11\/logo-Seminario-anyela.png\" class=\"attachment-large size-large wp-image-21401\" alt=\"\" srcset=\"https:\/\/healthcareindanger.org\/wp-content\/uploads\/2022\/11\/logo-Seminario-anyela.png 704w, https:\/\/healthcareindanger.org\/wp-content\/uploads\/2022\/11\/logo-Seminario-anyela-300x238.png 300w\" sizes=\"(max-width: 680px) 100vw, 680px\" \/>\t\t\t\t\t\t\t\t\t\t\t\t\t\t\t<\/div>\n\t\t\t\t<\/div>\n\t\t\t\t\t<\/div>\n\t\t<\/div>\n\t\t\t\t<div class=\"elementor-column elementor-col-50 elementor-top-column elementor-element elementor-element-c2164c5\" data-id=\"c2164c5\" data-element_type=\"column\">\n\t\t\t<div class=\"elementor-widget-wrap elementor-element-populated\">\n\t\t\t\t\t\t\t\t<div class=\"elementor-element elementor-element-dae1f67 elementor-widget elementor-widget-spacer\" data-id=\"dae1f67\" data-element_type=\"widget\" data-widget_type=\"spacer.default\">\n\t\t\t\t<div class=\"elementor-widget-container\">\n\t\t\t\t\t<div class=\"elementor-spacer\">\n\t\t\t<div class=\"elementor-spacer-inner\"><\/div>\n\t\t<\/div>\n\t\t\t\t<\/div>\n\t\t\t\t<\/div>\n\t\t\t\t<div class=\"elementor-element elementor-element-bd82e15 elementor-widget elementor-widget-image\" data-id=\"bd82e15\" data-element_type=\"widget\" data-widget_type=\"image.default\">\n\t\t\t\t<div class=\"elementor-widget-container\">\n\t\t\t\t\t\t\t\t\t\t\t\t\t\t\t<img loading=\"lazy\" decoding=\"async\" width=\"680\" height=\"454\" src=\"https:\/\/healthcareindanger.org\/wp-content\/uploads\/2022\/11\/pic-1-1024x683.jpg\" class=\"attachment-large size-large wp-image-21391\" alt=\"\" srcset=\"https:\/\/healthcareindanger.org\/wp-content\/uploads\/2022\/11\/pic-1-1024x683.jpg 1024w, https:\/\/healthcareindanger.org\/wp-content\/uploads\/2022\/11\/pic-1-300x200.jpg 300w, https:\/\/healthcareindanger.org\/wp-content\/uploads\/2022\/11\/pic-1-768x512.jpg 768w, https:\/\/healthcareindanger.org\/wp-content\/uploads\/2022\/11\/pic-1-1536x1024.jpg 1536w, https:\/\/healthcareindanger.org\/wp-content\/uploads\/2022\/11\/pic-1-2048x1365.jpg 2048w\" sizes=\"(max-width: 680px) 100vw, 680px\" \/>\t\t\t\t\t\t\t\t\t\t\t\t\t\t\t<\/div>\n\t\t\t\t<\/div>\n\t\t\t\t\t<\/div>\n\t\t<\/div>\n\t\t\t\t\t\t\t<\/div>\n\t\t<\/section>\n\t\t\t\t<section class=\"elementor-section elementor-top-section elementor-element elementor-element-536888b elementor-section-boxed elementor-section-height-default elementor-section-height-default\" data-id=\"536888b\" data-element_type=\"section\">\n\t\t\t\t\t\t<div class=\"elementor-container elementor-column-gap-default\">\n\t\t\t\t\t<div class=\"elementor-column elementor-col-25 elementor-top-column elementor-element elementor-element-60f7b85\" data-id=\"60f7b85\" data-element_type=\"column\">\n\t\t\t<div class=\"elementor-widget-wrap elementor-element-populated\">\n\t\t\t\t\t\t\t\t<div class=\"elementor-element elementor-element-354fd6a elementor-widget elementor-widget-image\" data-id=\"354fd6a\" data-element_type=\"widget\" data-widget_type=\"image.default\">\n\t\t\t\t<div class=\"elementor-widget-container\">\n\t\t\t\t\t\t\t\t\t\t\t\t\t\t\t<img loading=\"lazy\" decoding=\"async\" width=\"134\" height=\"67\" src=\"https:\/\/healthcareindanger.org\/wp-content\/uploads\/2022\/11\/logo-HCiD.png\" class=\"attachment-large size-large wp-image-21008\" alt=\"\" \/>\t\t\t\t\t\t\t\t\t\t\t\t\t\t\t<\/div>\n\t\t\t\t<\/div>\n\t\t\t\t\t<\/div>\n\t\t<\/div>\n\t\t\t\t<div class=\"elementor-column elementor-col-25 elementor-top-column elementor-element elementor-element-aeb0cab\" data-id=\"aeb0cab\" data-element_type=\"column\">\n\t\t\t<div class=\"elementor-widget-wrap elementor-element-populated\">\n\t\t\t\t\t\t\t\t<div class=\"elementor-element elementor-element-2ffa408 elementor-widget elementor-widget-image\" data-id=\"2ffa408\" data-element_type=\"widget\" data-widget_type=\"image.default\">\n\t\t\t\t<div class=\"elementor-widget-container\">\n\t\t\t\t\t\t\t\t\t\t\t\t\t\t\t<img loading=\"lazy\" decoding=\"async\" width=\"145\" height=\"72\" src=\"https:\/\/healthcareindanger.org\/wp-content\/uploads\/2022\/11\/logo-paho.png\" class=\"attachment-large size-large wp-image-21572\" alt=\"\" \/>\t\t\t\t\t\t\t\t\t\t\t\t\t\t\t<\/div>\n\t\t\t\t<\/div>\n\t\t\t\t\t<\/div>\n\t\t<\/div>\n\t\t\t\t<div class=\"elementor-column elementor-col-25 elementor-top-column elementor-element elementor-element-a416cb2\" data-id=\"a416cb2\" data-element_type=\"column\">\n\t\t\t<div class=\"elementor-widget-wrap elementor-element-populated\">\n\t\t\t\t\t\t\t\t<div class=\"elementor-element elementor-element-c08d1c4 elementor-widget elementor-widget-image\" data-id=\"c08d1c4\" data-element_type=\"widget\" data-widget_type=\"image.default\">\n\t\t\t\t<div class=\"elementor-widget-container\">\n\t\t\t\t\t\t\t\t\t\t\t\t\t\t\t<img loading=\"lazy\" decoding=\"async\" width=\"617\" height=\"104\" src=\"https:\/\/healthcareindanger.org\/wp-content\/uploads\/2022\/11\/logo-2.jpg\" class=\"attachment-large size-large wp-image-21001\" alt=\"\" srcset=\"https:\/\/healthcareindanger.org\/wp-content\/uploads\/2022\/11\/logo-2.jpg 617w, https:\/\/healthcareindanger.org\/wp-content\/uploads\/2022\/11\/logo-2-300x51.jpg 300w\" sizes=\"(max-width: 617px) 100vw, 617px\" \/>\t\t\t\t\t\t\t\t\t\t\t\t\t\t\t<\/div>\n\t\t\t\t<\/div>\n\t\t\t\t\t<\/div>\n\t\t<\/div>\n\t\t\t\t<div class=\"elementor-column elementor-col-25 elementor-top-column elementor-element elementor-element-8f606c9\" data-id=\"8f606c9\" data-element_type=\"column\">\n\t\t\t<div class=\"elementor-widget-wrap elementor-element-populated\">\n\t\t\t\t\t\t\t\t<div class=\"elementor-element elementor-element-5389650 elementor-widget elementor-widget-image\" data-id=\"5389650\" data-element_type=\"widget\" data-widget_type=\"image.default\">\n\t\t\t\t<div class=\"elementor-widget-container\">\n\t\t\t\t\t\t\t\t\t\t\t\t\t\t\t<img loading=\"lazy\" decoding=\"async\" width=\"652\" height=\"168\" src=\"https:\/\/healthcareindanger.org\/wp-content\/uploads\/2022\/11\/logo-1.jpg\" class=\"attachment-large size-large wp-image-20994\" alt=\"\" srcset=\"https:\/\/healthcareindanger.org\/wp-content\/uploads\/2022\/11\/logo-1.jpg 652w, https:\/\/healthcareindanger.org\/wp-content\/uploads\/2022\/11\/logo-1-300x77.jpg 300w\" sizes=\"(max-width: 652px) 100vw, 652px\" \/>\t\t\t\t\t\t\t\t\t\t\t\t\t\t\t<\/div>\n\t\t\t\t<\/div>\n\t\t\t\t\t<\/div>\n\t\t<\/div>\n\t\t\t\t\t\t\t<\/div>\n\t\t<\/section>\n\t\t\t\t<section class=\"elementor-section elementor-top-section elementor-element elementor-element-7c2ad99 elementor-section-boxed elementor-section-height-default elementor-section-height-default\" data-id=\"7c2ad99\" data-element_type=\"section\">\n\t\t\t\t\t\t<div class=\"elementor-container elementor-column-gap-default\">\n\t\t\t\t\t<div class=\"elementor-column elementor-col-100 elementor-top-column elementor-element elementor-element-af0117b\" data-id=\"af0117b\" data-element_type=\"column\">\n\t\t\t<div class=\"elementor-widget-wrap elementor-element-populated\">\n\t\t\t\t\t\t\t\t<div class=\"elementor-element elementor-element-9042dee elementor-widget elementor-widget-text-editor\" data-id=\"9042dee\" data-element_type=\"widget\" data-widget_type=\"text-editor.default\">\n\t\t\t\t<div class=\"elementor-widget-container\">\n\t\t\t\t\t\t\t<h3 style=\"text-align: center;\">\u00a0<\/h3><h3 style=\"text-align: center;\"><strong>The consequences in humanitarian terms of lack of respect for <\/strong><strong>health services and failure to safeguard them in Latin America<\/strong><\/h3><h4 style=\"text-align: center;\"><strong>2nd Seminar<\/strong><\/h4><h4 style=\"text-align: center;\"><strong>23\u201325 November 2022<\/strong><\/h4><h4>\u00a0<\/h4><h4><strong>INTRODUCTION<\/strong><\/h4><p>The security of the wounded and sick and of health-care workers, facilities and vehicles must be attended to and should be guaranteed in armed conflict and other violence. Yet violence against health\u2011care workers and their patients is a widespread and serious problem.<\/p><p>Despite the efforts that have been made by states and other institutions, there is still much to be done to ensure that the wounded and sick get timely health care and working conditions are safe enough to allow health-care workers to provide appropriate health care.<\/p><p>Colombia has spent more than 20 years developing ways to safeguard health-care services. For example, a regulatory framework was created that includes a cross-sector method of recording, preventing, managing and responding to incidents that affect health-care workers and the community. In 2014, a first regional seminar was held in Bogota on the lack of respect for health\u2011care services and failure to safeguard them. Representatives from Bolivia, Brazil, Chile, Cuba, Ecuador, El Salvador, Guatemala, Honduras, Mexico, Peru and Venezuela came together to gather and exchange knowledge on the issue and on potential solutions.<\/p><p>In recent years, health\u2011care services in Latin America have continued to face violence, such as the stigmatization of health-care workers during the COVID\u201119 pandemic, ambulances being blocked or facing aggressive behaviour during social mobilizations, and people having difficulty accessing health care owing to urban violence.<\/p><p><strong>This second regional seminar, \u201cThe consequences in humanitarian terms of lack of respect for health services and failure to safeguard them in Latin America\u201d, follows on from the first seminar, continuing the exchange of information and coordination to improve access to health care in areas of Latin America affected by violence<\/strong>.<\/p><h4><strong>PARTICIPANTS<\/strong><\/h4><p>A wide variety of representatives from the countries in the region are expected to attend, including:<\/p><ul><li>Representatives from the ministries of health of the countries invited, including Colombia<\/li><li>other health authorities and relevant government officials (security forces, public prosecutor\u2019s office, etc.)<\/li><li>Health-related professional associations, representatives from academia, scientific societies and other civil-society organizations<\/li><li>NGOs: Doctors Without Borders, M\u00e9decins du Monde<\/li><li>International Red Cross and Red Crescent Movement: National Societies and delegations from the ICRC and IFRC<\/li><li>Regional organizations: PAHO, Inter-American Commission on Human Rights<\/li><li>Special guests: representatives from Colombia\u2019s national round table on medical services.<\/li><\/ul><div>\u00a0<\/div><p style=\"text-align: center;\">\u00a0<\/p>\t\t\t\t\t\t<\/div>\n\t\t\t\t<\/div>\n\t\t\t\t<div class=\"elementor-element elementor-element-4e18980 elementor-widget elementor-widget-button\" data-id=\"4e18980\" data-element_type=\"widget\" data-widget_type=\"button.default\">\n\t\t\t\t<div class=\"elementor-widget-container\">\n\t\t\t\t\t<div class=\"elementor-button-wrapper\">\n\t\t\t<a class=\"elementor-button elementor-button-link elementor-size-sm\" href=\"https:\/\/healthcareindanger.org\/es\/2nd-americas-regional-hcid-meeting-2022\/\">\n\t\t\t\t\t\t<span class=\"elementor-button-content-wrapper\">\n\t\t\t\t\t\t<span class=\"elementor-button-text\">Click here for more (SPANISH)<\/span>\n\t\t<\/span>\n\t\t\t\t\t<\/a>\n\t\t<\/div>\n\t\t\t\t<\/div>\n\t\t\t\t<\/div>\n\t\t\t\t\t<\/div>\n\t\t<\/div>\n\t\t\t\t\t\t\t<\/div>\n\t\t<\/section>\n\t\t\t\t<section class=\"elementor-section elementor-top-section elementor-element elementor-element-28df977 elementor-section-boxed elementor-section-height-default elementor-section-height-default\" data-id=\"28df977\" data-element_type=\"section\">\n\t\t\t\t\t\t<div class=\"elementor-container elementor-column-gap-default\">\n\t\t\t\t\t<div class=\"elementor-column elementor-col-100 elementor-top-column elementor-element elementor-element-54f6460\" data-id=\"54f6460\" data-element_type=\"column\">\n\t\t\t<div class=\"elementor-widget-wrap\">\n\t\t\t\t\t\t\t\t\t<\/div>\n\t\t<\/div>\n\t\t\t\t\t\t\t<\/div>\n\t\t<\/section>\n\t\t\t\t\t\t\t<\/div>\n\t\t","protected":false},"excerpt":{"rendered":"<p>clic aqu\u00ed para el espa\u00f1ol cliquez ici pour le fran\u00e7ais clique aqui para portugu\u00eas \u00a0 The consequences in humanitarian terms of lack of respect for health services and failure to safeguard them in Latin America 2nd Seminar 23\u201325 November 2022 \u00a0 INTRODUCTION The security of the wounded and sick and of health-care workers, facilities and&#8230;  <a class=\"excerpt-read-more\" href=\"https:\/\/healthcareindanger.org\/fr\/2nd-americas-regional-hcid-meeting-2022\/\" title=\"Lire2nd AMERICAS Regional HCID meeting 2022\">En lire plus \u00bb<\/a><\/p>\n","protected":false},"author":19,"featured_media":0,"parent":0,"menu_order":0,"comment_status":"closed","ping_status":"closed","template":"","meta":{"footnotes":""},"_links":{"self":[{"href":"https:\/\/healthcareindanger.org\/fr\/wp-json\/wp\/v2\/pages\/20988"}],"collection":[{"href":"https:\/\/healthcareindanger.org\/fr\/wp-json\/wp\/v2\/pages"}],"about":[{"href":"https:\/\/healthcareindanger.org\/fr\/wp-json\/wp\/v2\/types\/page"}],"author":[{"embeddable":true,"href":"https:\/\/healthcareindanger.org\/fr\/wp-json\/wp\/v2\/users\/19"}],"replies":[{"embeddable":true,"href":"https:\/\/healthcareindanger.org\/fr\/wp-json\/wp\/v2\/comments?post=20988"}],"version-history":[{"count":168,"href":"https:\/\/healthcareindanger.org\/fr\/wp-json\/wp\/v2\/pages\/20988\/revisions"}],"predecessor-version":[{"id":21747,"href":"https:\/\/healthcareindanger.org\/fr\/wp-json\/wp\/v2\/pages\/20988\/revisions\/21747"}],"wp:attachment":[{"href":"https:\/\/healthcareindanger.org\/fr\/wp-json\/wp\/v2\/media?parent=20988"}],"curies":[{"name":"wp","href":"https:\/\/api.w.org\/{rel}","templated":true}]}}