{"id":251,"date":"2015-10-14T15:22:23","date_gmt":"2015-10-14T14:22:23","guid":{"rendered":"http:\/\/doqblvd.preview.infomaniak.com\/?page_id=251"},"modified":"2021-04-22T07:58:44","modified_gmt":"2021-04-22T06:58:44","slug":"hcid-project-4","status":"publish","type":"page","link":"https:\/\/healthcareindanger.org\/fr\/hcid-project-4\/","title":{"rendered":"Une initiative \u00e0 l&rsquo;\u00e9chelle mondiale"},"content":{"rendered":"<p>Le Mouvement international de la Croix-Rouge et du Croissant-Rouge a lanc\u00e9 l&rsquo;initiative \u00ab Les soins de sant\u00e9 en danger \u00bb\u00a0pour combattre le probl\u00e8me de la violence contre les patients, les personnels de sant\u00e9, les structures m\u00e9dicales et les v\u00e9hicules sanitaires, et pour rendre plus s\u00fbrs l&rsquo;acc\u00e8s aux soins de sant\u00e9 et la fourniture des soins dans les conflits arm\u00e9s et autres situations d&rsquo;urgence.<\/p>\n<p>L&rsquo;initiative s&rsquo;articule autour de trois axes :<\/p>\n<h4><strong>Des mesures concr\u00e8tes sur le terrain et des actions nationales pour combattre la violence<\/strong><\/h4>\n<p>L&rsquo;initiative\u00a0\u00ab Les soins de sant\u00e9 en danger \u00bb inclut un soutien \u00e0 la mise en \u0153uvre de mesures concr\u00e8tes et pratiques et d&rsquo;interventions locales et nationales visant \u00e0 pr\u00e9venir la violence et \u00e0 prot\u00e9ger les soins de sant\u00e9 dans les conflits arm\u00e9s et autres situations d&rsquo;urgence. Notre objectif est de faire en sorte que les \u00c9tats renforcent le droit national sur cette question et que ces mesures deviennent une pratique habituelle pour toutes les personnes concern\u00e9es.<\/p>\n<p><strong><a href=\"http:\/\/healthcareindanger.org\/fr\/resource-centre-4\/\" target=\"_blank\" rel=\"noopener noreferrer\">T\u00c9L\u00c9CHARGEZ LES GUIDES PRATIQUES SUR LA PROTECTION DES SOINS DE SANT\u00c9<\/a><\/strong><\/p>\n<h4><strong>La mobilisation d&rsquo;une large communaut\u00e9 d&rsquo;int\u00e9r\u00eats<\/strong><\/h4>\n<p>La <strong>communaut\u00e9 d&rsquo;int\u00e9r\u00eats<\/strong> est un <strong>catalyseur du changement<\/strong>. Elle soutient, au niveau local, la mise en \u0153uvre des recommandations et des mesures adopt\u00e9es pour prot\u00e9ger les soins de sant\u00e9. Elle r\u00e9unit des professionnels de la sant\u00e9 ainsi que des repr\u00e9sentants des pouvoirs publics, des porteurs d&rsquo;armes, de la soci\u00e9t\u00e9 civile, des ONG, des organisations internationales et d&rsquo;autres. Avec le soutien de cette communaut\u00e9 d&rsquo;int\u00e9r\u00eats et gr\u00e2ce aux \u00e9tudes, d\u00e9bats, consultations et ateliers organis\u00e9s partout dans le monde, l&rsquo;initiative \u00ab\u00a0Les soins de sant\u00e9 en danger\u00a0\u00bb est parvenu \u00e0 un certain nombre de recommandations et de mesures pratiques en vue de prot\u00e9ger les services de sant\u00e9.<\/p>\n<p style=\"text-align: center;\"><img loading=\"lazy\" decoding=\"async\" class=\"wp-image-4122 aligncenter\" src=\"http:\/\/healthcareindanger.org\/wp-content\/uploads\/2015\/08\/hcid-partnership-prevent-violence-06-2019-300x104.jpg\" alt=\"\" width=\"424\" height=\"147\" srcset=\"https:\/\/healthcareindanger.org\/wp-content\/uploads\/2015\/08\/hcid-partnership-prevent-violence-06-2019-300x104.jpg 300w, https:\/\/healthcareindanger.org\/wp-content\/uploads\/2015\/08\/hcid-partnership-prevent-violence-06-2019-768x267.jpg 768w, https:\/\/healthcareindanger.org\/wp-content\/uploads\/2015\/08\/hcid-partnership-prevent-violence-06-2019-1024x356.jpg 1024w, https:\/\/healthcareindanger.org\/wp-content\/uploads\/2015\/08\/hcid-partnership-prevent-violence-06-2019.jpg 1440w\" sizes=\"(max-width: 424px) 100vw, 424px\" \/><\/p>\n<p><em>COMMENT SE JOINDRE \u00e0 notre communaut\u00e9 <strong>d&rsquo;int\u00e9r\u00eat<\/strong>? Contactez la d\u00e9l\u00e9gation de votre pays ou \u00e9crivez-nous un courriel \u00e0 <a href=\"http:\/\/gva_hcid@icrc.org.\">gva_hcid@icrc.org.<\/a><\/em><\/p>\n<h4><\/h4>\n<h4>La recherche:<\/h4>\n<p>Nous nous appuyons sur des preuves solides g\u00e9n\u00e9r\u00e9es localement et orient\u00e9es vers le d\u00e9veloppement de solutions pr\u00e9ventives en reliant le travail op\u00e9rationnel aux donn\u00e9es et \u00e0 la recherche, d\u00e9velopp\u00e9es gr\u00e2ce \u00e0 des partenariats avec des acteurs de la sant\u00e9 dans les pays touch\u00e9s par des conflits et d&rsquo;autres urgences.<\/p>\n  <\/section><\/article><\/main><\/div>\r\n<!-- Timeline -->\r\n<div id=\"timeline\">\r\n  <div class=\"wrap\">\r\n                        <h2>Les \u00e9tapes du projet<\/h2>\r\n                  <div class=\"timeline-year year-first\">\r\n        <span class=\"timeline-year-desktop\">2011<\/span>\r\n              <\/div>\r\n      <div id=\"timeline-container\">\r\n        <div id=\"timeline-wrapper\">\r\n          <ul id=\"timeline-content\">\r\n                        <li class=\"visible-events active\">\r\n              <p class=\"event-title\">Le mandat re\u00e7u de la communaut\u00e9 internationale<\/p>\r\n              <p class=\"event-content\">\r\n                                                <strong>D\u00e9cembre 2011<\/strong> : la r\u00e9solution 5 sur les soins de sant\u00e9 en danger est adopt\u00e9e par la XXXIe Conf\u00e9rence internationale.              <\/p>\r\n                              <a href=\"https:\/\/www.icrc.org\/fre\/resources\/documents\/resolution\/31-international-conference-resolution-5-2011.htm\" target=\"_blank\" class=\"btn external\">Plus<\/a>\r\n                          <\/li>\r\n                        <li class=\"visible-events\">\r\n              <p class=\"event-title\">Des experts cherchent ensemble des solutions<\/p>\r\n              <p class=\"event-content\">\r\n                                                <strong>Avril 2012<\/strong> : les responsables du projet ont engag\u00e9 des consultations aupr\u00e8s d'experts et de personnes concern\u00e9es par le probl\u00e8me dans le monde entier, pour tenter de trouver des moyens de prot\u00e9ger les services de sant\u00e9.              <\/p>\r\n                              <a href=\"https:\/\/www.icrc.org\/fre\/resources\/documents\/feature\/2012\/health-care-in-danger-feature-2012-04-25.htm\" target=\"_blank\" class=\"btn external\">Plus<\/a>\r\n                          <\/li>\r\n                        <li class=\"visible-events\">\r\n              <p class=\"event-title\">Des solutions pour l'avenir<\/p>\r\n              <p class=\"event-content\">\r\n                                                <strong>Novembre 2013<\/strong> : les premi\u00e8res recommandations et mesures propos\u00e9es pour am\u00e9liorer la protection des services de sant\u00e9 sont publi\u00e9es. Un rapport indique comment r\u00e9duire les risques pour les ambulances.              <\/p>\r\n                              <a href=\"https:\/\/www.icrc.org\/fre\/resources\/documents\/news-release\/2013\/11-14-health-care-in-danger-ambulance-report.htm\" target=\"_blank\" class=\"btn external\">Plus<\/a>\r\n                          <\/li>\r\n                        <li class=\"visible-events\">\r\n              <p class=\"event-title\">Le dialogue diplomatique<\/p>\r\n              <p class=\"event-content\">\r\n                                                <strong>D\u00e9cembre 2014<\/strong> : l'Assembl\u00e9e g\u00e9n\u00e9rale des Nations Unies adopte quatre r\u00e9solutions sur la protection des services de sant\u00e9 dans les conflits arm\u00e9s.              <\/p>\r\n                              <a href=\"https:\/\/www.icrc.org\/fre\/resources\/documents\/event\/2014\/09-22-hcid-new-york-event.htm\" target=\"_blank\" class=\"btn external\">Plus<\/a>\r\n                          <\/li>\r\n                        <li class=\"hidden-events\">\r\n              <p class=\"event-title\">Faire respecter l'\u00e9thique m\u00e9dicale<\/p>\r\n              <p class=\"event-content\">\r\n                                                <strong>Juin 2015<\/strong> : des principes \u00e9thiques communs sont adopt\u00e9s par quatre grandes organisations du secteur de la sant\u00e9.               <\/p>\r\n                              <a href=\"https:\/\/www.icrc.org\/fr\/document\/common-ethical-principles-health-care-conflict-and-other-emergencies\" target=\"_blank\" class=\"btn external\">Plus<\/a>\r\n                          <\/li>\r\n                        <li class=\"hidden-events\">\r\n              <p class=\"event-title\">L'\u00e9lan se poursuit<\/p>\r\n              <p class=\"event-content\">\r\n                                                <strong>D\u00e9cembre 2015<\/strong> : le d\u00e9bat sur \u00ab Les soins de sant\u00e9 en danger \u00bb est un des points importants \u00e0 l'ordre du jour de la XXXIIe Conf\u00e9rence internationale.              <\/p>\r\n                              <a href=\"https:\/\/www.icrc.org\/fr\/document\/proteger-la-fourniture-des-soins-de-sante-des-mesures-qui-vont-dans-le-bon-sens\" class=\"btn\">Plus<\/a>\r\n                          <\/li>\r\n                      <\/ul>\r\n        <\/div>\r\n                  <a href=\"javascript:void(0)\" onclick=\"timelineNavigate('before')\" class=\"timeline-navigate before disabled\"><\/a>\r\n          <a href=\"javascript:void(0)\" onclick=\"timelineNavigate('after')\" class=\"timeline-navigate after\"><\/a>\r\n              <\/div>\r\n      <div class=\"timeline-year year-last\">\r\n        <span class=\"timeline-year-desktop\">2022<\/span>\r\n              <\/div>\r\n      <\/div>\r\n<\/div> <!-- fin timeline -->\r\n  <div class=\"wrap\"><main><article><section class=\"entry-content\">\r\n\n","protected":false},"excerpt":{"rendered":"<p>Le Mouvement international de la Croix-Rouge et du Croissant-Rouge a lanc\u00e9 l&rsquo;initiative \u00ab Les soins de sant\u00e9 en danger \u00bb\u00a0pour combattre le probl\u00e8me de la violence contre les patients, les personnels de sant\u00e9, les structures m\u00e9dicales et les v\u00e9hicules sanitaires, et pour rendre plus s\u00fbrs l&rsquo;acc\u00e8s aux soins de sant\u00e9 et la fourniture des soins&#8230;  <a class=\"excerpt-read-more\" href=\"https:\/\/healthcareindanger.org\/fr\/hcid-project-4\/\" title=\"LireUne initiative \u00e0 l&rsquo;\u00e9chelle mondiale\">En lire plus \u00bb<\/a><\/p>\n","protected":false},"author":19,"featured_media":0,"parent":0,"menu_order":0,"comment_status":"closed","ping_status":"closed","template":"template-the-issue.php","meta":{"footnotes":""},"_links":{"self":[{"href":"https:\/\/healthcareindanger.org\/fr\/wp-json\/wp\/v2\/pages\/251"}],"collection":[{"href":"https:\/\/healthcareindanger.org\/fr\/wp-json\/wp\/v2\/pages"}],"about":[{"href":"https:\/\/healthcareindanger.org\/fr\/wp-json\/wp\/v2\/types\/page"}],"author":[{"embeddable":true,"href":"https:\/\/healthcareindanger.org\/fr\/wp-json\/wp\/v2\/users\/19"}],"replies":[{"embeddable":true,"href":"https:\/\/healthcareindanger.org\/fr\/wp-json\/wp\/v2\/comments?post=251"}],"version-history":[{"count":24,"href":"https:\/\/healthcareindanger.org\/fr\/wp-json\/wp\/v2\/pages\/251\/revisions"}],"predecessor-version":[{"id":6764,"href":"https:\/\/healthcareindanger.org\/fr\/wp-json\/wp\/v2\/pages\/251\/revisions\/6764"}],"wp:attachment":[{"href":"https:\/\/healthcareindanger.org\/fr\/wp-json\/wp\/v2\/media?parent=251"}],"curies":[{"name":"wp","href":"https:\/\/api.w.org\/{rel}","templated":true}]}}