{"id":253,"date":"2015-10-14T15:22:33","date_gmt":"2015-10-14T14:22:33","guid":{"rendered":"http:\/\/doqblvd.preview.infomaniak.com\/?page_id=253"},"modified":"2017-11-07T11:43:59","modified_gmt":"2017-11-07T10:43:59","slug":"resource-centre-4","status":"publish","type":"page","link":"https:\/\/healthcareindanger.org\/fr\/resource-centre-4\/","title":{"rendered":"Ressources"},"content":{"rendered":"<p>Cet espace contient toutes sortes de publications et de mat\u00e9riel sur la protection des soins de sant\u00e9 dans les conflits arm\u00e9s et autres situations d\u2019urgence, que vous pouvez consulter ou t\u00e9l\u00e9charger. Il est possible d\u2019y ajouter de nouvelles publications.<\/p>\n<p><a href=\"http:\/\/healthcareindanger.org\/fr\/contact-3\/\">Contactez-nous si vous avez du mat\u00e9riel \u00e0 mettre en ligne ici<\/a><\/p>\n","protected":false},"excerpt":{"rendered":"<p>Cet espace contient toutes sortes de publications et de mat\u00e9riel sur la protection des soins de sant\u00e9 dans les conflits arm\u00e9s et autres situations d\u2019urgence, que vous pouvez consulter ou t\u00e9l\u00e9charger. Il est possible d\u2019y ajouter de nouvelles publications. Contactez-nous si vous avez du mat\u00e9riel \u00e0 mettre en ligne ici<\/p>\n","protected":false},"author":19,"featured_media":0,"parent":0,"menu_order":0,"comment_status":"closed","ping_status":"closed","template":"template-resource-centre.php","meta":{"footnotes":""},"_links":{"self":[{"href":"https:\/\/healthcareindanger.org\/fr\/wp-json\/wp\/v2\/pages\/253"}],"collection":[{"href":"https:\/\/healthcareindanger.org\/fr\/wp-json\/wp\/v2\/pages"}],"about":[{"href":"https:\/\/healthcareindanger.org\/fr\/wp-json\/wp\/v2\/types\/page"}],"author":[{"embeddable":true,"href":"https:\/\/healthcareindanger.org\/fr\/wp-json\/wp\/v2\/users\/19"}],"replies":[{"embeddable":true,"href":"https:\/\/healthcareindanger.org\/fr\/wp-json\/wp\/v2\/comments?post=253"}],"version-history":[{"count":6,"href":"https:\/\/healthcareindanger.org\/fr\/wp-json\/wp\/v2\/pages\/253\/revisions"}],"predecessor-version":[{"id":1849,"href":"https:\/\/healthcareindanger.org\/fr\/wp-json\/wp\/v2\/pages\/253\/revisions\/1849"}],"wp:attachment":[{"href":"https:\/\/healthcareindanger.org\/fr\/wp-json\/wp\/v2\/media?parent=253"}],"curies":[{"name":"wp","href":"https:\/\/api.w.org\/{rel}","templated":true}]}}