{"id":255,"date":"2015-08-26T08:29:12","date_gmt":"2015-08-26T07:29:12","guid":{"rendered":"http:\/\/doqblvd.preview.infomaniak.com\/?page_id=255"},"modified":"2015-11-23T08:05:16","modified_gmt":"2015-11-23T07:05:16","slug":"the-issue","status":"publish","type":"page","link":"https:\/\/healthcareindanger.org\/fr\/the-issue\/","title":{"rendered":"La probl\u00e9matique"},"content":{"rendered":"<h2><strong>UN GRAVE PROBL\u00c8ME HUMANITAIRE <\/strong><\/h2>\n<p>C&rsquo;est au moment o\u00f9 des combats \u00e9clatent que les services de sant\u00e9 sont le plus n\u00e9cessaires, mais c&rsquo;est aussi \u00e0 ce moment-l\u00e0 qu&rsquo;ils risquent le plus d\u2019\u00eatre attaqu\u00e9s. La violence, qui n\u2019\u00e9pargne rien ni personne, a d\u00e9j\u00e0 touch\u00e9 m\u00e9decins et personnel infirmier, conducteurs d&rsquo;ambulance et autres agents de sant\u00e9, h\u00f4pitaux et centres de soins, et m\u00eame bless\u00e9s et malades.<\/p>\n<p>De tels actes de violence peuvent emp\u00eacher le syst\u00e8me de sant\u00e9 de bien fonctionner au moment o\u00f9 on a le plus besoin d\u2019y acc\u00e9der. Des combattants et des civils meurent du simple fait qu&rsquo;on les emp\u00eache de recevoir des soins m\u00e9dicaux \u00e0 temps. Des communaut\u00e9s enti\u00e8res n&rsquo;ont plus acc\u00e8s \u00e0 des services vitaux, comme des soins materno-infantiles ou p\u00e9diatriques, ou des vaccinations. Le syst\u00e8me peut \u00eatre perturb\u00e9 \u00e0 un point tel qu&rsquo;il n&rsquo;est plus du tout en mesure de fonctionner.<\/p>\n<p>La violence contre les personnels de sant\u00e9, les structures m\u00e9dicales et les v\u00e9hicules sanitaires est de ce fait un r\u00e9el probl\u00e8me humanitaire qui peut avoir des effets \u00e9tendus et durables. Nous devons y faire face ensemble.<\/p>\n<p>&nbsp;<\/p>\n<p><div class=\"arve\" data-mode=\"normal\" data-oembed=\"1\" data-provider=\"youtube\" id=\"arve-youtube-0j_2dyheets69db8064b23c3568888575\" style=\"max-width:680px;\">\n<span class=\"arve-inner\">\n<span class=\"arve-embed arve-embed--has-aspect-ratio\" style=\"aspect-ratio: 680 \/ 383\">\n<span class=\"arve-ar\" style=\"padding-top:56.323529%\"><\/span><iframe loading=\"lazy\" allow=\"accelerometer; autoplay; clipboard-write; encrypted-media; gyroscope; picture-in-picture\" allowfullscreen class=\"arve-iframe fitvidsignore\" data-arve=\"arve-youtube-0j_2dyheets69db8064b23c3568888575\" data-src-no-ap=\"https:\/\/www.youtube-nocookie.com\/embed\/0J_2DYhEEts?feature=oembed&amp;iv_load_policy=3&amp;modestbranding=1&amp;rel=0&amp;autohide=1&amp;playsinline=0&amp;autoplay=0\" frameborder=\"0\" height=\"383\" sandbox=\"allow-scripts allow-same-origin allow-presentation allow-popups allow-popups-to-escape-sandbox\" scrolling=\"no\" src=\"https:\/\/www.youtube-nocookie.com\/embed\/0J_2DYhEEts?feature=oembed&#038;iv_load_policy=3&#038;modestbranding=1&#038;rel=0&#038;autohide=1&#038;playsinline=0&#038;autoplay=0\" width=\"680\"><\/iframe>\n\n<\/span>\n\n<\/span>\n<script type=\"application\/ld+json\">{\"@context\":\"http:\\\/\\\/schema.org\\\/\",\"@id\":\"https:\\\/\\\/healthcareindanger.org\\\/fr\\\/the-issue\\\/#arve-youtube-0j_2dyheets69db8064b23c3568888575\",\"type\":\"VideoObject\",\"embedURL\":\"https:\\\/\\\/www.youtube-nocookie.com\\\/embed\\\/0J_2DYhEEts?feature=oembed&iv_load_policy=3&modestbranding=1&rel=0&autohide=1&playsinline=0&autoplay=0\"}<\/script>\n<\/div>\n<br \/>\n<strong>Les soins de sant\u00e9 en danger : le co\u00fbt humain. <\/strong>Ce film fait entendre la voix de m\u00e9decins, d&rsquo;infirmiers, de conducteurs d&rsquo;ambulance et de patients, et montre le co\u00fbt humain de la violence \u00e0 laquelle sont expos\u00e9s les personnels de sant\u00e9 et les structures m\u00e9dicales.<\/p>\n<hr \/>\n<h2><strong>Les multiples formes de violence<\/strong><\/h2>\n<p>\u00c0 partir des recherches et des travaux qu&rsquo;il a effectu\u00e9s sur le terrain, le CICR a mis le doigt sur une s\u00e9rie de probl\u00e8mes qui m\u00e9ritent une attention particuli\u00e8re, parmi lesquels la vuln\u00e9rabilit\u00e9 des structures m\u00e9dicales aux attaques et aux pillages, le nombre des attaques dont sont victimes les fournisseurs de soins de sant\u00e9 (90\u00a0% des incidents enregistr\u00e9s par le CICR) et les nombreux cas de violation des codes de d\u00e9ontologie du personnel m\u00e9dical, principalement du secret m\u00e9dical et de la non-discrimination entre les patients.<\/p>\n<p>Il est crucial de comprendre ce que repr\u00e9sente la violence contre les soins de sant\u00e9. Pour ce faire, il faut observer les diff\u00e9rentes formes que peut rev\u00eatir cette violence, voir quelles en sont les cibles et quels en sont aussi les auteurs. Ce n&rsquo;est qu&rsquo;\u00e0 partir de l\u00e0 qu&rsquo;on pourra prendre des mesures efficaces pour que les personnes bless\u00e9es et malades puissent acc\u00e9der aux soins de sant\u00e9 et pour que les structures m\u00e9dicales et le personnel de sant\u00e9 dont elles ont besoin soient disponibles, bien approvisionn\u00e9s en m\u00e9dicaments et en mat\u00e9riel et que leur s\u00e9curit\u00e9 soit garantie.<\/p>\n","protected":false},"excerpt":{"rendered":"<p>UN GRAVE PROBL\u00c8ME HUMANITAIRE C&rsquo;est au moment o\u00f9 des combats \u00e9clatent que les services de sant\u00e9 sont le plus n\u00e9cessaires, mais c&rsquo;est aussi \u00e0 ce moment-l\u00e0 qu&rsquo;ils risquent le plus d\u2019\u00eatre attaqu\u00e9s. La violence, qui n\u2019\u00e9pargne rien ni personne, a d\u00e9j\u00e0 touch\u00e9 m\u00e9decins et personnel infirmier, conducteurs d&rsquo;ambulance et autres agents de sant\u00e9, h\u00f4pitaux et&#8230;  <a class=\"excerpt-read-more\" href=\"https:\/\/healthcareindanger.org\/fr\/the-issue\/\" title=\"LireLa probl\u00e9matique\">En lire plus \u00bb<\/a><\/p>\n","protected":false},"author":19,"featured_media":0,"parent":0,"menu_order":0,"comment_status":"closed","ping_status":"closed","template":"template-the-issue.php","meta":{"footnotes":""},"_links":{"self":[{"href":"https:\/\/healthcareindanger.org\/fr\/wp-json\/wp\/v2\/pages\/255"}],"collection":[{"href":"https:\/\/healthcareindanger.org\/fr\/wp-json\/wp\/v2\/pages"}],"about":[{"href":"https:\/\/healthcareindanger.org\/fr\/wp-json\/wp\/v2\/types\/page"}],"author":[{"embeddable":true,"href":"https:\/\/healthcareindanger.org\/fr\/wp-json\/wp\/v2\/users\/19"}],"replies":[{"embeddable":true,"href":"https:\/\/healthcareindanger.org\/fr\/wp-json\/wp\/v2\/comments?post=255"}],"version-history":[{"count":10,"href":"https:\/\/healthcareindanger.org\/fr\/wp-json\/wp\/v2\/pages\/255\/revisions"}],"predecessor-version":[{"id":811,"href":"https:\/\/healthcareindanger.org\/fr\/wp-json\/wp\/v2\/pages\/255\/revisions\/811"}],"wp:attachment":[{"href":"https:\/\/healthcareindanger.org\/fr\/wp-json\/wp\/v2\/media?parent=255"}],"curies":[{"name":"wp","href":"https:\/\/api.w.org\/{rel}","templated":true}]}}