{"id":256,"date":"2015-10-14T15:22:48","date_gmt":"2015-10-14T14:22:48","guid":{"rendered":"http:\/\/doqblvd.preview.infomaniak.com\/?page_id=256"},"modified":"2018-06-15T10:43:54","modified_gmt":"2018-06-15T09:43:54","slug":"what-can-be-done-4","status":"publish","type":"page","link":"https:\/\/healthcareindanger.org\/fr\/what-can-be-done-4\/","title":{"rendered":"Les solutions"},"content":{"rendered":"<h2><strong>Six domaines d&rsquo;action prioritaires<\/strong><\/h2>\n<p>Les travaux men\u00e9s dans le cadre de l&rsquo;initiative\u00a0\u00ab Les soins de sant\u00e9 en danger \u00bb ont permis de mettre en lumi\u00e8re <strong>six domaines<\/strong> d&rsquo;action prioritaires dans lesquels toutes les parties concern\u00e9es doivent traduire leurs engagements en mesures concr\u00e8tes. Dans chacun de ces domaines d&rsquo;action prioritaires, un certain nombre de recommandations et de mesures pratiques ont \u00e9t\u00e9 formul\u00e9es.<\/p>\n<p><a href=\"http:\/\/healthcareindanger.org\/wp-content\/uploads\/2017\/04\/4294_001_Agir_maintenant.pdf\"><img loading=\"lazy\" decoding=\"async\" class=\"alignright wp-image-1710\" src=\"http:\/\/healthcareindanger.org\/wp-content\/uploads\/2017\/04\/hcid-agir-maintenant-p4294.jpg\" alt=\"hcid-agir-maintenant-p4294\" width=\"160\" height=\"227\" \/><\/a>Ces recommandations sont le r\u00e9sultat de deux ann\u00e9es de travail, pendant lesquelles des consultations ont \u00e9t\u00e9 men\u00e9es avec toutes sortes d&rsquo;interlocuteurs individuels et collectifs : gouvernements, forces arm\u00e9es, groupes arm\u00e9s, associations professionnelles internationales, agents de sant\u00e9, organisations humanitaires, groupes de la soci\u00e9t\u00e9 civile, chefs religieux et bien d&rsquo;autres. L&rsquo;objectif vis\u00e9 est de mieux faire respecter le droit international humanitaire, les actions humanitaires et les principes sur lesquels ces actions reposent, ainsi que le travail que font les services de sant\u00e9 pour sauver des vies.<\/p>\n<p>Les recommandations et mesures propos\u00e9es doivent aider les pays qui les mettront en place \u00e0 mieux prot\u00e9ger les personnels de sant\u00e9, les structures m\u00e9dicales et les v\u00e9hicules sanitaires. Elles contribueront aussi \u00e0 renforcer la capacit\u00e9 du syst\u00e8me de sant\u00e9 national \u00e0 se relever et rendront plus s\u00fbrs tant l&rsquo;acc\u00e8s aux soins de sant\u00e9 que la fourniture impartiale et efficace des soins, notamment pendant un conflit arm\u00e9 ou d&rsquo;autres situations d\u2019urgence.<\/p>\n","protected":false},"excerpt":{"rendered":"<p>Six domaines d&rsquo;action prioritaires Les travaux men\u00e9s dans le cadre de l&rsquo;initiative\u00a0\u00ab Les soins de sant\u00e9 en danger \u00bb ont permis de mettre en lumi\u00e8re six domaines d&rsquo;action prioritaires dans lesquels toutes les parties concern\u00e9es doivent traduire leurs engagements en mesures concr\u00e8tes. Dans chacun de ces domaines d&rsquo;action prioritaires, un certain nombre de recommandations et&#8230;  <a class=\"excerpt-read-more\" href=\"https:\/\/healthcareindanger.org\/fr\/what-can-be-done-4\/\" title=\"LireLes solutions\">En lire plus \u00bb<\/a><\/p>\n","protected":false},"author":19,"featured_media":0,"parent":0,"menu_order":0,"comment_status":"closed","ping_status":"closed","template":"template-the-issue.php","meta":{"footnotes":""},"_links":{"self":[{"href":"https:\/\/healthcareindanger.org\/fr\/wp-json\/wp\/v2\/pages\/256"}],"collection":[{"href":"https:\/\/healthcareindanger.org\/fr\/wp-json\/wp\/v2\/pages"}],"about":[{"href":"https:\/\/healthcareindanger.org\/fr\/wp-json\/wp\/v2\/types\/page"}],"author":[{"embeddable":true,"href":"https:\/\/healthcareindanger.org\/fr\/wp-json\/wp\/v2\/users\/19"}],"replies":[{"embeddable":true,"href":"https:\/\/healthcareindanger.org\/fr\/wp-json\/wp\/v2\/comments?post=256"}],"version-history":[{"count":7,"href":"https:\/\/healthcareindanger.org\/fr\/wp-json\/wp\/v2\/pages\/256\/revisions"}],"predecessor-version":[{"id":1948,"href":"https:\/\/healthcareindanger.org\/fr\/wp-json\/wp\/v2\/pages\/256\/revisions\/1948"}],"wp:attachment":[{"href":"https:\/\/healthcareindanger.org\/fr\/wp-json\/wp\/v2\/media?parent=256"}],"curies":[{"name":"wp","href":"https:\/\/api.w.org\/{rel}","templated":true}]}}