{"id":4467,"date":"2020-05-27T09:21:38","date_gmt":"2020-05-27T08:21:38","guid":{"rendered":"http:\/\/healthcareindanger.org\/resource-centre-4\/declaration-by-the-health-care-in-danger-community-of-concern-about-the-current-situation-of-violence-against-health-care\/"},"modified":"2020-05-28T09:22:46","modified_gmt":"2020-05-28T08:22:46","slug":"declaration-by-the-health-care-in-danger-community-of-concern-about-the-current-situation-of-violence-against-health-care","status":"publish","type":"page","link":"https:\/\/healthcareindanger.org\/fr\/resource-centre-4\/declaration-by-the-health-care-in-danger-community-of-concern-about-the-current-situation-of-violence-against-health-care\/","title":{"rendered":"D\u00e9claration de la communaut\u00e9 d\u2019int\u00e9r\u00eat des soins de sant\u00e9 en danger sur les violences ciblant actuellement le secteur de la sant\u00e9"},"content":{"rendered":"<p><strong>D\u00e9claration de la communaut\u00e9 d\u2019int\u00e9r\u00eat des soins de sant\u00e9 en danger <\/strong><strong>sur les violences ciblant actuellement le secteur de la sant\u00e9<\/strong><\/p>\n<p><a href=\"http:\/\/healthcareindanger.org\/wp-content\/uploads\/2020\/05\/Declaration_HCiD_Current_Situation_against_HC_PDF1-002.pdf\"><strong>T\u00e9l\u00e9chargez le PDF ICI (EN)<\/strong><\/a><\/p>\n<p><strong>Nous tenons tout d\u2019abord \u00e0 exprimer notre profond soutien \u00e0 tous les personnels de sant\u00e9 qui \u0153uvrent sur les lignes de front de la lutte contre la pand\u00e9mie de Covid-19, ainsi qu\u2019\u00e0 ceux qui travaillent sans rel\u00e2che dans de nombreux autres domaines de la sant\u00e9. Les personnels de sant\u00e9, les structures m\u00e9dicales et les v\u00e9hicules sanitaires ne devraient jamais \u00eatre la cible de violences\u00a0; nous demandons donc instamment aux gouvernements, aux communaut\u00e9s et aux porteurs d\u2019armes de respecter et prot\u00e9ger en tout temps les soins de sant\u00e9 et de contribuer \u00e0 la cr\u00e9ation d\u2019un environnement protecteur dans lequel les soins de sant\u00e9 puissent \u00eatre dispens\u00e9s en toute s\u00e9curit\u00e9.<\/strong><\/p>\n<p>Malheureusement, la triste r\u00e9alit\u00e9 est que les personnels de sant\u00e9 sont depuis longtemps la cible de nombreux actes ignobles de violence. Si les r\u00e9centes manifestations publiques de soutien aux acteurs de la riposte au Covid-19 font chaud au c\u0153ur, il n\u2019en demeure pas moins que bon nombre d\u2019entre eux sont victimes de harc\u00e8lement, de stigmatisation et de violences physiques. Certains professionnels de la sant\u00e9 ont m\u00eame \u00e9t\u00e9 tu\u00e9s ainsi que les patients dont ils s\u2019occupaient. Pas moins de 208\u00a0incidents de ce type ont \u00e9t\u00e9 signal\u00e9s depuis le d\u00e9but de la pand\u00e9mie, et il ne se passe pas un seul jour sans que de nouveaux cas d\u2019intimidation et de violences ne soient rapport\u00e9s.<\/p>\n<p>La violence contre les soins de sant\u00e9 ne doit pas \u00eatre tol\u00e9r\u00e9e. Nous sommes r\u00e9solus \u00e0 la combattre et \u0153uvrons en tant que communaut\u00e9 mondiale pour b\u00e2tir un monde o\u00f9 les personnels de sant\u00e9 et les patients se sentent en s\u00e9curit\u00e9 et respect\u00e9s. Nous appelons tous ceux qui liront ce message \u00e0 se joindre \u00e0 nous pour prot\u00e9ger les soins contre la violence. Cet appel ne s\u2019adresse pas qu\u2019aux individus\u00a0: nous engageons tous les gouvernements \u00e0 agir pour lutter contre la d\u00e9sinformation, et \u00e0 veiller \u00e0 ce que les soins de sant\u00e9 soient prot\u00e9g\u00e9s par le droit interne, \u00e0 ce que les professionnels de la sant\u00e9 puissent travailler dans un environnement s\u00fbr et \u00e0 ce qu\u2019un soutien psychologique soit propos\u00e9 non seulement aux victimes de violences, mais aussi aux personnes soumises \u00e0 des niveaux de stress \u00e9lev\u00e9s dans leur travail.<\/p>\n<p><strong>Signataires:<\/strong><\/p>\n<p>Robert Mardini, Directeur G\u00e9n\u00e9ral, <strong>Comit\u00e9 International de la Croix-Rouge<\/strong><\/p>\n<p>Jagan Chapagain, Secretary General, <strong>Federation Internationale des Soci\u00e9t\u00e9s de la Croix-Rouge et du Croissant-Rouge<\/strong><\/p>\n<p>Christina Wille, Directrice, <strong>Insecurity Insight<\/strong><\/p>\n<p>Major General Geert Laire, Secr\u00e9taire G\u00e9n\u00e9ral, <strong>Comit\u00e9 International de M\u00e9decine Militaire<\/strong><\/p>\n<p>Annette Kennedy Pr\u00e9sident, <strong>Conseil International des Infirmi\u00e8res<\/strong><\/p>\n<p>Eric de Roodenbeke, C.E.O., <strong>F\u00e9d\u00e9ration Internationale des H\u00f4pitaux<\/strong><\/p>\n<p>Tammy Yu, Charg\u00e9e de liaison sur les questions de Droits Humains et PaixumHuHh, <strong>F\u00e9d\u00e9ration Internationale des Associations d\u2019Etudiants en M\u00e9decine <\/strong><\/p>\n<p>Philippe de Botton, Pr\u00e9sident, <strong>M\u00e9decins du Monde<\/strong><\/p>\n<p>Donna McKay, Directeur Ex\u00e9cutif, <strong>Physicians for Human Rights<\/strong><\/p>\n<p>Leonard Rubenstein, Pr\u00e9sident, <strong>Safeguarding Health in Conflict Coalition<\/strong><\/p>\n<p>Emma K. Stokes, Pr\u00e9sident, <strong>Conf\u00e9d\u00e9ration mondiale de Physioth\u00e9rapie<\/strong><\/p>\n<p>David Gordon, Pr\u00e9sident, <strong>F\u00e9d\u00e9ration mondiale pour l\u2019\u00e9ducation m\u00e9dicale<\/strong><\/p>\n<p>Frank Ulrich Montgomery, Pr\u00e9sident du Conseil, <strong>Association M\u00e9dicale Mondiale<\/strong><\/p>\n<p>&nbsp;<\/p>\n<p><a href=\"http:\/\/healthcareindanger.org\/wp-content\/uploads\/2020\/05\/Declaration_HCiD_Current_Situation_against_HC_PDF1-002.pdf\"><strong>DOWNLOAD PDF HERE (EN)<\/strong><\/a><\/p>\n<p>&nbsp;<\/p>\n<p><strong><em>Link to <a href=\"https:\/\/www.icrc.org\/en\/document\/health-care-workers-save-lives-covid-19\" target=\"_blank\" rel=\"noopener noreferrer\">www.icrc.org<\/a>\u00a0<\/em><\/strong><\/p>\n","protected":false},"excerpt":{"rendered":"<p>D\u00e9claration de la communaut\u00e9 d\u2019int\u00e9r\u00eat des soins de sant\u00e9 en danger sur les violences ciblant actuellement le secteur de la sant\u00e9 T\u00e9l\u00e9chargez le PDF ICI (EN) Nous tenons tout d\u2019abord \u00e0 exprimer notre profond soutien \u00e0 tous les personnels de sant\u00e9 qui \u0153uvrent sur les lignes de front de la lutte contre la pand\u00e9mie de&#8230;  <a class=\"excerpt-read-more\" href=\"https:\/\/healthcareindanger.org\/fr\/resource-centre-4\/declaration-by-the-health-care-in-danger-community-of-concern-about-the-current-situation-of-violence-against-health-care\/\" title=\"LireD\u00e9claration de la communaut\u00e9 d\u2019int\u00e9r\u00eat des soins de sant\u00e9 en danger sur les violences ciblant actuellement le secteur de la sant\u00e9\">En lire plus \u00bb<\/a><\/p>\n","protected":false},"author":19,"featured_media":4437,"parent":253,"menu_order":0,"comment_status":"closed","ping_status":"closed","template":"","meta":{"footnotes":""},"_links":{"self":[{"href":"https:\/\/healthcareindanger.org\/fr\/wp-json\/wp\/v2\/pages\/4467"}],"collection":[{"href":"https:\/\/healthcareindanger.org\/fr\/wp-json\/wp\/v2\/pages"}],"about":[{"href":"https:\/\/healthcareindanger.org\/fr\/wp-json\/wp\/v2\/types\/page"}],"author":[{"embeddable":true,"href":"https:\/\/healthcareindanger.org\/fr\/wp-json\/wp\/v2\/users\/19"}],"replies":[{"embeddable":true,"href":"https:\/\/healthcareindanger.org\/fr\/wp-json\/wp\/v2\/comments?post=4467"}],"version-history":[{"count":3,"href":"https:\/\/healthcareindanger.org\/fr\/wp-json\/wp\/v2\/pages\/4467\/revisions"}],"predecessor-version":[{"id":4473,"href":"https:\/\/healthcareindanger.org\/fr\/wp-json\/wp\/v2\/pages\/4467\/revisions\/4473"}],"up":[{"embeddable":true,"href":"https:\/\/healthcareindanger.org\/fr\/wp-json\/wp\/v2\/pages\/253"}],"wp:featuredmedia":[{"embeddable":true,"href":"https:\/\/healthcareindanger.org\/fr\/wp-json\/wp\/v2\/media\/4437"}],"wp:attachment":[{"href":"https:\/\/healthcareindanger.org\/fr\/wp-json\/wp\/v2\/media?parent=4467"}],"curies":[{"name":"wp","href":"https:\/\/api.w.org\/{rel}","templated":true}]}}