{"id":1654,"date":"2017-03-13T10:38:57","date_gmt":"2017-03-13T09:38:57","guid":{"rendered":"http:\/\/healthcareindanger.org\/pt-br\/?page_id=1654"},"modified":"2017-03-27T16:07:35","modified_gmt":"2017-03-27T15:07:35","slug":"campaign-kit-new","status":"publish","type":"page","link":"https:\/\/healthcareindanger.org\/pt-br\/campaign-kit-new\/","title":{"rendered":"Kit campanha"},"content":{"rendered":"<p>Obrigado por nos ajudar a difundir: a viol\u00eancia contra a assist\u00eancia \u00e0 sa\u00fade deve acabar.<\/p>\n<p>Voc\u00ea pode compartilhar o material da campanha nas redes sociais, n\u00e3o esquecendo de incluir o hashtag <strong>#ProtejaAssist\u00eancia\u00c0Sa\u00fade<\/strong><\/p>\n<p>Para fazer o download do material, clique nos links abaixo:<\/p>\n<p><strong>Folheto da campanha <\/strong>(em elabora\u00e7\u00e3o) <em>Hora de Agir <\/em>\u2013 Um recurso \u00fatil para ser distribu\u00eddo em eventos ou publicar \/ postar como PDF. I<a href=\"https:\/\/shop.icrc.org\/time-to-act-stopping-violence-safeguarding-health-care-2486.html\">mprima o folheto ou fa\u00e7a o pedido pela nossa e-shop<\/a>.<\/p>\n<p><strong>Filme <\/strong>(13 min.) \u201c<em>O custo humano\u201d <\/em>da viol\u00eancia contra a assist\u00eancia \u00e0 sa\u00fade \u2013 Perfeito para conscientizar sobre a quest\u00e3o da viol\u00eancia contra a assist\u00eancia \u00e0 sa\u00fade, pode ser exibido durante um evento, mesa-redonda, confer\u00eancia ou debate, ou public\u00e1-lo na sua p\u00e1gina web.\u00a0<a href=\"https:\/\/youtu.be\/fd5YL5mfCPw\">Assista on-line<\/a>\u00a0ou fa\u00e7a o <a href=\"https:\/\/vimeo.com\/209776908\">download<\/a>.<\/p>\n<p><strong>Spot para a web<\/strong> \u201c<em>Os profissionais de sa\u00fade n\u00e3o devem ser atacados\u201d<\/em> \u2013 Compartilhe o mais amplamente poss\u00edvel. Sempre que ocorrer um ataque contra a assist\u00eancia \u00e0 sa\u00fade em zonas de conflito, publique o v\u00eddeo e una a sua voz \u00e0 nossa para dizer: \u201cOs profissionais de sa\u00fade n\u00e3o devem ser atacados. #ProtegerAAssist\u00eancia\u00c0Sa\u00fade\u201d. <a href=\"https:\/\/youtu.be\/ahPLX1QDHdQ\">Assista ao v\u00eddeo on line<\/a>.<\/p>\n<p><strong>Banner da campanha<\/strong><\/p>\n<p><strong>Quanto mais pessoas unirem a sua voz, mais forte ser\u00e1 o chamado para acabar com a viol\u00eancia contra a assist\u00eancia \u00e0 sa\u00fade.<\/strong><\/p>\n<p><strong>\u00a0<\/strong>Compartilhe esta p\u00e1gina em:<\/p>\n<ul>\n<li><a href=\"https:\/\/twitter.com\/\"><u>Twitter<\/u><\/a><\/li>\n<li><a href=\"https:\/\/www.facebook.com\/sharer\/sharer.php?u=%20http%3A\/\/healthcareindanger.org\/campaign-kit\/\"><u>Facebook<\/u><\/a><\/li>\n<li><a href=\"https:\/\/www.linkedin.com\/shareArticle?mini=true&amp;amp;url=http%3A\/\/healthcareindanger.org\/campaign-kit\/&amp;amp;title=Campaign%20Kit&amp;amp;summary=&amp;amp;source=\"><u>LinkedIn<\/u><\/a><\/li>\n<\/ul>\n","protected":false},"excerpt":{"rendered":"<p>Obrigado por nos ajudar a difundir: a viol\u00eancia contra a assist\u00eancia \u00e0 sa\u00fade deve acabar. Voc\u00ea pode compartilhar o material da campanha nas redes sociais, n\u00e3o esquecendo de incluir o hashtag #ProtejaAssist\u00eancia\u00c0Sa\u00fade Para fazer o download do material, clique nos links abaixo: Folheto da campanha (em elabora\u00e7\u00e3o) Hora de Agir \u2013 Um recurso \u00fatil para&#8230;  <a class=\"excerpt-read-more\" href=\"https:\/\/healthcareindanger.org\/pt-br\/campaign-kit-new\/\" title=\"Read Kit campanha\">Leia mais<\/a><\/p>\n","protected":false},"author":5,"featured_media":0,"parent":0,"menu_order":0,"comment_status":"closed","ping_status":"closed","template":"","meta":{"footnotes":""},"_links":{"self":[{"href":"https:\/\/healthcareindanger.org\/pt-br\/wp-json\/wp\/v2\/pages\/1654"}],"collection":[{"href":"https:\/\/healthcareindanger.org\/pt-br\/wp-json\/wp\/v2\/pages"}],"about":[{"href":"https:\/\/healthcareindanger.org\/pt-br\/wp-json\/wp\/v2\/types\/page"}],"author":[{"embeddable":true,"href":"https:\/\/healthcareindanger.org\/pt-br\/wp-json\/wp\/v2\/users\/5"}],"replies":[{"embeddable":true,"href":"https:\/\/healthcareindanger.org\/pt-br\/wp-json\/wp\/v2\/comments?post=1654"}],"version-history":[{"count":7,"href":"https:\/\/healthcareindanger.org\/pt-br\/wp-json\/wp\/v2\/pages\/1654\/revisions"}],"predecessor-version":[{"id":1702,"href":"https:\/\/healthcareindanger.org\/pt-br\/wp-json\/wp\/v2\/pages\/1654\/revisions\/1702"}],"wp:attachment":[{"href":"https:\/\/healthcareindanger.org\/pt-br\/wp-json\/wp\/v2\/media?parent=1654"}],"curies":[{"name":"wp","href":"https:\/\/api.w.org\/{rel}","templated":true}]}}