{"id":764,"date":"2015-11-20T16:33:23","date_gmt":"2015-11-20T15:33:23","guid":{"rendered":"http:\/\/doqblvd.preview.infomaniak.com\/?page_id=764"},"modified":"2018-08-30T10:07:44","modified_gmt":"2018-08-30T09:07:44","slug":"hcid-project-pt","status":"publish","type":"page","link":"https:\/\/healthcareindanger.org\/pt-br\/hcid-project-pt\/","title":{"rendered":"A iniciativa"},"content":{"rendered":"<h2><strong>Uma iniciativa global<\/strong><\/h2>\n<p>A iniciativa Assist\u00eancia \u00e0 Sa\u00fade em Perigo \u00e9 uma iniciativa do Movimento Internacional da Cruz Vermelha e do Crescente Vermelho que trata a quest\u00e3o da viol\u00eancia contra pacientes, profissionais, estabelecimentos e ve\u00edculos de sa\u00fade, al\u00e9m de assegurar o acesso seguro e a presta\u00e7\u00e3o de assist\u00eancia \u00e0 sa\u00fade em conflitos armados e outras emerg\u00eancias.<\/p>\n<p>Trabalhamos em tr\u00eas \u00e1reas diferentes, mas interligadas<\/p>\n<h3><strong>Uma campanha de conscientiza\u00e7\u00e3o do p\u00fablico<\/strong><\/h3>\n<p>Destacando o impacto, em termos humanit\u00e1rios, da viol\u00eancia contra os profissionais de sa\u00fade, a <strong>Campanha Vida ou Morte <\/strong>busca ampliar a compreens\u00e3o e o apoio do p\u00fablico \u00e0s iniciativas internacionais e nacionais para a prote\u00e7\u00e3o dos profissionais de sa\u00fade.<\/p>\n<p style=\"text-align: center;\"><a href=\"http:\/\/healthcareindanger.org\/wp-content\/uploads\/2015\/08\/life-and-death-campaign-02.jpg\"><img loading=\"lazy\" decoding=\"async\" class=\"alignnone size-medium wp-image-203\" src=\"http:\/\/healthcareindanger.org\/wp-content\/uploads\/2015\/08\/life-and-death-campaign-02-300x212.jpg\" alt=\"life-and-death-campaign-02\" width=\"300\" height=\"212\" srcset=\"https:\/\/healthcareindanger.org\/wp-content\/uploads\/2015\/08\/life-and-death-campaign-02-300x212.jpg 300w, https:\/\/healthcareindanger.org\/wp-content\/uploads\/2015\/08\/life-and-death-campaign-02.jpg 832w\" sizes=\"(max-width: 300px) 100vw, 300px\" \/><\/a><\/p>\n<h3><strong>A mobiliza\u00e7\u00e3o de uma Comunidade de Interesse mais ampla<\/strong><\/h3>\n<p>A <strong>Comunidade de Interesse <\/strong>\u00e9 um <strong>catalisador para a mudan\u00e7a<\/strong>, que apoia, no \u00e2mbito local, a implementa\u00e7\u00e3o das recomenda\u00e7\u00f5es e medidas para proteger a assist\u00eancia \u00e0 sa\u00fade. Est\u00e1 formada por profissionais de sa\u00fade, governos, portadores de armas, representantes da sociedade civil, ONGs, organiza\u00e7\u00f5es internacionais, entre outros. Junto com esta comunidade e por meio de pesquisa, debate, consultas e oficinas no mundo todo, a iniciativa Assist\u00eancia \u00e0 Sa\u00fade em Perigo produziu in\u00fameras recomenda\u00e7\u00f5es e medidas pr\u00e1ticas para proteger os servi\u00e7os de assist\u00eancia \u00e0 sa\u00fade.<\/p>\n<p><strong><a href=\"http:\/\/healthcareindanger.ning.com\/main\/authorization\/signIn?\">UM CHAMADO PARA A MUDAN\u00c7A. PARTICIPE DA COMUNIDADE DE INTERESSE DA INICIATIVA ASSIST\u00caNCIA \u00c0 SA\u00daDE EM PERIGO<\/a> <\/strong><\/p>\n<h3><strong>Consolidar e melhorar as pr\u00e1ticas no terreno e as respostas nacionais \u00e0 viol\u00eancia<\/strong><\/h3>\n<p>A iniciativa Assist\u00eancia \u00e0 Sa\u00fade em Perigo apoia a implementa\u00e7\u00e3o de medidas concretas e pr\u00e1ticas, ademais de respostas operacionais nos \u00e2mbitos locais e nacionais para prevenir a viol\u00eancia e proteger a assist\u00eancia \u00e0 sa\u00fade em conflitos armados e outras emerg\u00eancias. A nossa meta \u00e9 assegurar que os governos fortale\u00e7am a sua legisla\u00e7\u00e3o nacional relativa a essa quest\u00e3o e que essas medidas se tornem uma pr\u00e1tica padr\u00e3o para todos envolvidos.<\/p>\n<p><strong><a href=\"http:\/\/healthcareindanger.org\/pt-br\/rcentre-pt\/\">FA\u00c7A O DOWNLOAD DAS PUBLICA\u00c7\u00d5ES DA INICIATIVA PARA CONHECER AS MANEIRAS PR\u00c1TICAS DE PROTEGER A ASSIST\u00caNCIA \u00c0 SA\u00daDE\u00a0<\/a><\/strong><\/p>\n  <\/section><\/article><\/main><\/div>\r\n<!-- Timeline -->\r\n<div id=\"timeline\">\r\n  <div class=\"wrap\">\r\n                        <h2>Retrospectiva<\/h2>\r\n                  <div class=\"timeline-year year-first\">\r\n        <span class=\"timeline-year-desktop\">2011<\/span>\r\n              <\/div>\r\n      <div id=\"timeline-container\">\r\n        <div id=\"timeline-wrapper\">\r\n          <ul id=\"timeline-content\">\r\n                        <li class=\"visible-events active\">\r\n              <p class=\"event-title\">Um mandato para a comunidade internacional<\/p>\r\n              <p class=\"event-content\">\r\n                                                <strong>Novembro 2011<\/strong> : A XXXI Confer\u00eancia Internacional adota a resolu\u00e7\u00e3o 5 sobre a assist\u00eancia \u00e0 sa\u00fade em perigo. (em espanhol).\r\n              <\/p>\r\n                              <a href=\"https:\/\/www.icrc.org\/spa\/resources\/documents\/resolution\/31-international-conference-resolution-5-2011.htm\" target=\"_blank\" class=\"btn external\">Saiba mais<\/a>\r\n                          <\/li>\r\n                        <li class=\"visible-events\">\r\n              <p class=\"event-title\">Convocar especialistas para encontrar solu\u00e7\u00f5es juntos<\/p>\r\n              <p class=\"event-content\">\r\n                                                <strong>Abril 2012<\/strong> : Os participantes do projeto Assist\u00eancia \u00e0 Sa\u00fade em Perigo iniciam um processo de consultas com especialistas e profissionais do mundo para encontrar formas de proteger os servi\u00e7os de assist\u00eancia \u00e0 sa\u00fade.              <\/p>\r\n                              <a href=\"https:\/\/www.icrc.org\/spa\/resources\/documents\/feature\/2012\/health-care-in-danger-feature-2012-04-25.htm\" target=\"_blank\" class=\"btn external\">Saiba mais<\/a>\r\n                          <\/li>\r\n                        <li class=\"visible-events\">\r\n              <p class=\"event-title\">Promover a participa\u00e7\u00e3o do setor diplom\u00e1tico<\/p>\r\n              <p class=\"event-content\">\r\n                                                <strong>Setembro 2012<\/strong> : A ONU adota quatro resolu\u00e7\u00f5es sobre a prote\u00e7\u00e3o dos servi\u00e7os de assist\u00eancia \u00e0 sa\u00fade em conflitos armados.              <\/p>\r\n                              <a href=\"https:\/\/www.icrc.org\/en\/document\/debate-health-care-and-violence-need-effective-protection-69th-session-united-nations\" target=\"_blank\" class=\"btn external\">Saiba mais<\/a>\r\n                          <\/li>\r\n                        <li class=\"visible-events\">\r\n              <p class=\"event-title\">Promover o respeito da \u00e9tica da assist\u00eancia \u00e0 sa\u00fade<\/p>\r\n              <p class=\"event-content\">\r\n                                                <strong>Junho 2015<\/strong> : Quatro importantes organiza\u00e7\u00f5es de sa\u00fade adotam princ\u00edpios de \u00e9tica comuns para a assist\u00eancia \u00e0 sa\u00fade.\r\nM\u00c1S              <\/p>\r\n                              <a href=\"https:\/\/www.icrc.org\/es\/document\/principios-eticos-comunes-asistencia-salud-conflictos-otras-situaciones-violencia\" target=\"_blank\" class=\"btn external\">Saiba mais<\/a>\r\n                          <\/li>\r\n                        <li class=\"hidden-events\">\r\n              <p class=\"event-title\">Manter a energia<\/p>\r\n              <p class=\"event-content\">\r\n                                                <strong>Dezembro 2015<\/strong> : O debate sobre \"Assist\u00eancia \u00e0 Sa\u00fade em Perigo\" \u00e9 um dos itens importantes da agenda da XXXII Confer\u00eancia Internacional.              <\/p>\r\n                              <a href=\"https:\/\/www.icrc.org\/pt\/document\/proteger-prestacao-de-assistencia-saude-passos-na-direcao-certa\" target=\"_blank\" class=\"btn external\">Saiba mais<\/a>\r\n                          <\/li>\r\n                      <\/ul>\r\n        <\/div>\r\n                  <a href=\"javascript:void(0)\" onclick=\"timelineNavigate('before')\" class=\"timeline-navigate before disabled\"><\/a>\r\n          <a href=\"javascript:void(0)\" onclick=\"timelineNavigate('after')\" class=\"timeline-navigate after\"><\/a>\r\n              <\/div>\r\n      <div class=\"timeline-year year-last\">\r\n        <span class=\"timeline-year-desktop\">2022<\/span>\r\n              <\/div>\r\n      <\/div>\r\n<\/div> <!-- fin timeline -->\r\n  <div class=\"wrap\"><main><article><section class=\"entry-content\">\r\n\n","protected":false},"excerpt":{"rendered":"<p>Uma iniciativa global A iniciativa Assist\u00eancia \u00e0 Sa\u00fade em Perigo \u00e9 uma iniciativa do Movimento Internacional da Cruz Vermelha e do Crescente Vermelho que trata a quest\u00e3o da viol\u00eancia contra pacientes, profissionais, estabelecimentos e ve\u00edculos de sa\u00fade, al\u00e9m de assegurar o acesso seguro e a presta\u00e7\u00e3o de assist\u00eancia \u00e0 sa\u00fade em conflitos armados e outras&#8230;  <a class=\"excerpt-read-more\" href=\"https:\/\/healthcareindanger.org\/pt-br\/hcid-project-pt\/\" title=\"Read A iniciativa\">Leia mais<\/a><\/p>\n","protected":false},"author":5,"featured_media":0,"parent":0,"menu_order":0,"comment_status":"closed","ping_status":"closed","template":"template-the-issue.php","meta":{"footnotes":""},"_links":{"self":[{"href":"https:\/\/healthcareindanger.org\/pt-br\/wp-json\/wp\/v2\/pages\/764"}],"collection":[{"href":"https:\/\/healthcareindanger.org\/pt-br\/wp-json\/wp\/v2\/pages"}],"about":[{"href":"https:\/\/healthcareindanger.org\/pt-br\/wp-json\/wp\/v2\/types\/page"}],"author":[{"embeddable":true,"href":"https:\/\/healthcareindanger.org\/pt-br\/wp-json\/wp\/v2\/users\/5"}],"replies":[{"embeddable":true,"href":"https:\/\/healthcareindanger.org\/pt-br\/wp-json\/wp\/v2\/comments?post=764"}],"version-history":[{"count":15,"href":"https:\/\/healthcareindanger.org\/pt-br\/wp-json\/wp\/v2\/pages\/764\/revisions"}],"predecessor-version":[{"id":1970,"href":"https:\/\/healthcareindanger.org\/pt-br\/wp-json\/wp\/v2\/pages\/764\/revisions\/1970"}],"wp:attachment":[{"href":"https:\/\/healthcareindanger.org\/pt-br\/wp-json\/wp\/v2\/media?parent=764"}],"curies":[{"name":"wp","href":"https:\/\/api.w.org\/{rel}","templated":true}]}}