{"id":772,"date":"2015-11-20T16:42:34","date_gmt":"2015-11-20T15:42:34","guid":{"rendered":"http:\/\/doqblvd.preview.infomaniak.com\/?page_id=772"},"modified":"2018-06-25T13:03:44","modified_gmt":"2018-06-25T12:03:44","slug":"rcentre-pt","status":"publish","type":"page","link":"https:\/\/healthcareindanger.org\/pt-br\/rcentre-pt\/","title":{"rendered":"Recursos"},"content":{"rendered":"<p>O Centro de Recursos da iniciativa Assist\u00eancia \u00e0 Sa\u00fade em Perigo oferece a oportunidade de consultar e fazer o download de uma ampla variedade de publica\u00e7\u00f5es e outros materiais dedicados \u00e0 prote\u00e7\u00e3o da assist\u00eancia \u00e0 sa\u00fade em conflitos e outras emerg\u00eancias. O Centro de Recursos recebe publica\u00e7\u00f5es e materiais relevantes sobre a quest\u00e3o Assist\u00eancia \u00e0 Sa\u00fade em Perigo.<\/p>\n<p><span lang=\"PT-BR\"><span style=\"color: #000000; font-family: Calibri;\"><a href=\"http:\/\/healthcareindanger.org\/pt-br\/contact-pt\/\">Entre em contato conosco para publicar o seu material aqui<\/a>.<\/span><\/span><\/p>\n<p>&nbsp;<\/p>\n","protected":false},"excerpt":{"rendered":"<p>O Centro de Recursos da iniciativa Assist\u00eancia \u00e0 Sa\u00fade em Perigo oferece a oportunidade de consultar e fazer o download de uma ampla variedade de publica\u00e7\u00f5es e outros materiais dedicados \u00e0 prote\u00e7\u00e3o da assist\u00eancia \u00e0 sa\u00fade em conflitos e outras emerg\u00eancias. O Centro de Recursos recebe publica\u00e7\u00f5es e materiais relevantes sobre a quest\u00e3o Assist\u00eancia \u00e0&#8230;  <a class=\"excerpt-read-more\" href=\"https:\/\/healthcareindanger.org\/pt-br\/rcentre-pt\/\" title=\"Read Recursos\">Leia mais<\/a><\/p>\n","protected":false},"author":5,"featured_media":0,"parent":0,"menu_order":0,"comment_status":"closed","ping_status":"closed","template":"template-resource-centre.php","meta":{"footnotes":""},"_links":{"self":[{"href":"https:\/\/healthcareindanger.org\/pt-br\/wp-json\/wp\/v2\/pages\/772"}],"collection":[{"href":"https:\/\/healthcareindanger.org\/pt-br\/wp-json\/wp\/v2\/pages"}],"about":[{"href":"https:\/\/healthcareindanger.org\/pt-br\/wp-json\/wp\/v2\/types\/page"}],"author":[{"embeddable":true,"href":"https:\/\/healthcareindanger.org\/pt-br\/wp-json\/wp\/v2\/users\/5"}],"replies":[{"embeddable":true,"href":"https:\/\/healthcareindanger.org\/pt-br\/wp-json\/wp\/v2\/comments?post=772"}],"version-history":[{"count":6,"href":"https:\/\/healthcareindanger.org\/pt-br\/wp-json\/wp\/v2\/pages\/772\/revisions"}],"predecessor-version":[{"id":1955,"href":"https:\/\/healthcareindanger.org\/pt-br\/wp-json\/wp\/v2\/pages\/772\/revisions\/1955"}],"wp:attachment":[{"href":"https:\/\/healthcareindanger.org\/pt-br\/wp-json\/wp\/v2\/media?parent=772"}],"curies":[{"name":"wp","href":"https:\/\/api.w.org\/{rel}","templated":true}]}}