{"id":774,"date":"2015-11-20T16:42:55","date_gmt":"2015-11-20T15:42:55","guid":{"rendered":"http:\/\/doqblvd.preview.infomaniak.com\/?page_id=774"},"modified":"2016-02-04T14:21:04","modified_gmt":"2016-02-04T13:21:04","slug":"the-issue-pt","status":"publish","type":"page","link":"https:\/\/healthcareindanger.org\/pt-br\/the-issue-pt\/","title":{"rendered":"A quest\u00e3o"},"content":{"rendered":"<h2><strong>Uma quest\u00e3o humanit\u00e1ria de grande pertin\u00eancia<\/strong><\/h2>\n<p>\u00c9 quando se deflagra um confronto que os servi\u00e7os de assist\u00eancia \u00e0 sa\u00fade s\u00e3o mais necess\u00e1rios. Por\u00e9m, \u00e9 nesse momento tamb\u00e9m que est\u00e3o mais vulner\u00e1veis aos ataques. M\u00e9dicos e enfermeiros, motoristas de ambul\u00e2ncia e param\u00e9dicos, hospitais e centros de sa\u00fade, e at\u00e9 mesmo os feridos e doentes s\u00e3o v\u00edtimas de ataques.<\/p>\n<p>Esta viol\u00eancia pode desestabilizar o sistema de sa\u00fade quando as pessoas mais precisam dele. Combatentes e civis morrem simplesmente porque s\u00e3o impedidos de receber o atendimento a tempo. Comunidades inteiras s\u00e3o privadas de servi\u00e7os vitais, como atendimento materno-infantil e vacinas. Muitas vezes, a disrup\u00e7\u00e3o pode ser t\u00e3o grave que o sistema inteiro colapsa.<\/p>\n<p>A viol\u00eancia contra os profissionais, estabelecimentos e ve\u00edculos de sa\u00fade, portanto, \u00e9 uma quest\u00e3o humanit\u00e1ria com efeitos generalizados e duradouros. Precisamos enfrent\u00e1-la juntos.<\/p>\n<p><div class=\"arve\" data-mode=\"normal\" data-oembed=\"1\" data-provider=\"youtube\" id=\"arve-youtube-fd5yl5mfcpw69f12edcca5c9742921671\" style=\"max-width:680px;\">\n<span class=\"arve-inner\">\n<span class=\"arve-embed arve-embed--has-aspect-ratio\" style=\"aspect-ratio: 680 \/ 383\">\n<span class=\"arve-ar\" style=\"padding-top:56.323529%\"><\/span><iframe loading=\"lazy\" allow=\"accelerometer; autoplay; clipboard-write; encrypted-media; gyroscope; picture-in-picture\" allowfullscreen class=\"arve-iframe fitvidsignore\" data-arve=\"arve-youtube-fd5yl5mfcpw69f12edcca5c9742921671\" data-src-no-ap=\"https:\/\/www.youtube-nocookie.com\/embed\/fd5YL5mfCPw?feature=oembed&amp;iv_load_policy=3&amp;modestbranding=1&amp;rel=0&amp;autohide=1&amp;playsinline=0&amp;autoplay=0\" frameborder=\"0\" height=\"383\" sandbox=\"allow-scripts allow-same-origin allow-presentation allow-popups allow-popups-to-escape-sandbox\" scrolling=\"no\" src=\"https:\/\/www.youtube-nocookie.com\/embed\/fd5YL5mfCPw?feature=oembed&#038;iv_load_policy=3&#038;modestbranding=1&#038;rel=0&#038;autohide=1&#038;playsinline=0&#038;autoplay=0\" width=\"680\"><\/iframe>\n\n<\/span>\n\n<\/span>\n<script type=\"application\/ld+json\">{\"@context\":\"http:\\\/\\\/schema.org\\\/\",\"@id\":\"https:\\\/\\\/healthcareindanger.org\\\/pt-br\\\/the-issue-pt\\\/#arve-youtube-fd5yl5mfcpw69f12edcca5c9742921671\",\"type\":\"VideoObject\",\"embedURL\":\"https:\\\/\\\/www.youtube-nocookie.com\\\/embed\\\/fd5YL5mfCPw?feature=oembed&iv_load_policy=3&modestbranding=1&rel=0&autohide=1&playsinline=0&autoplay=0\"}<\/script>\n<\/div>\n<br \/>\n<strong>Assist\u00eancia \u00e0 Sa\u00fade em Perigo: O Custo Humano.<\/strong>\u00a0Atrav\u00e9s das vozes de m\u00e9dicos, enfermeiros, motoristas de ambul\u00e2ncias e pacientes, este filme mostra o custo humano da viol\u00eancia contra os profissionais e os estabelecimentos de sa\u00fade.<\/p>\n<hr \/>\n<h2><strong>As diversas formas de viol\u00eancia<\/strong><\/h2>\n<p>O CICV, atrav\u00e9s de pesquisas e trabalho no terreno, identificou in\u00fameras quest\u00f5es que requerem aten\u00e7\u00e3o particular, como a vulnerabilidade dos estabelecimentos de sa\u00fade a ataques e saques, o n\u00famero de ataques contra os profissionais de sa\u00fade (que representa mais de 90% dos incidentes registrados pelo CICV) e a viola\u00e7\u00e3o frequente dos princ\u00edpios das equipes de sa\u00fade, em particular a confidencialidade m\u00e9dica e a n\u00e3o discrimina\u00e7\u00e3o entre pacientes.<\/p>\n<p>Entender a viol\u00eancia contra a assist\u00eancia \u00e0 sa\u00fade \u00e9 crucial. Significa analisar as diferentes formas que essa viol\u00eancia pode adquirir, ademais de averiguar quem s\u00e3o os alvos e os perpetradores. Somente ent\u00e3o se podem aplicar medidas efetivas para assegurar que as pessoas feridas e doentes tenham acesso \u00e0 assist\u00eancia \u00e0 sa\u00fade e aos estabelecimentos e que os profissionais que tratem deles estejam dispon\u00edveis e abastecidos adequadamente com rem\u00e9dios e material m\u00e9dico, al\u00e9m de seguros.<\/p>\n<p>&nbsp;<\/p>\n","protected":false},"excerpt":{"rendered":"<p>Uma quest\u00e3o humanit\u00e1ria de grande pertin\u00eancia \u00c9 quando se deflagra um confronto que os servi\u00e7os de assist\u00eancia \u00e0 sa\u00fade s\u00e3o mais necess\u00e1rios. Por\u00e9m, \u00e9 nesse momento tamb\u00e9m que est\u00e3o mais vulner\u00e1veis aos ataques. M\u00e9dicos e enfermeiros, motoristas de ambul\u00e2ncia e param\u00e9dicos, hospitais e centros de sa\u00fade, e at\u00e9 mesmo os feridos e doentes s\u00e3o v\u00edtimas&#8230;  <a class=\"excerpt-read-more\" href=\"https:\/\/healthcareindanger.org\/pt-br\/the-issue-pt\/\" title=\"Read A quest\u00e3o\">Leia mais<\/a><\/p>\n","protected":false},"author":5,"featured_media":0,"parent":0,"menu_order":0,"comment_status":"closed","ping_status":"closed","template":"template-the-issue.php","meta":{"footnotes":""},"_links":{"self":[{"href":"https:\/\/healthcareindanger.org\/pt-br\/wp-json\/wp\/v2\/pages\/774"}],"collection":[{"href":"https:\/\/healthcareindanger.org\/pt-br\/wp-json\/wp\/v2\/pages"}],"about":[{"href":"https:\/\/healthcareindanger.org\/pt-br\/wp-json\/wp\/v2\/types\/page"}],"author":[{"embeddable":true,"href":"https:\/\/healthcareindanger.org\/pt-br\/wp-json\/wp\/v2\/users\/5"}],"replies":[{"embeddable":true,"href":"https:\/\/healthcareindanger.org\/pt-br\/wp-json\/wp\/v2\/comments?post=774"}],"version-history":[{"count":10,"href":"https:\/\/healthcareindanger.org\/pt-br\/wp-json\/wp\/v2\/pages\/774\/revisions"}],"predecessor-version":[{"id":1401,"href":"https:\/\/healthcareindanger.org\/pt-br\/wp-json\/wp\/v2\/pages\/774\/revisions\/1401"}],"wp:attachment":[{"href":"https:\/\/healthcareindanger.org\/pt-br\/wp-json\/wp\/v2\/media?parent=774"}],"curies":[{"name":"wp","href":"https:\/\/api.w.org\/{rel}","templated":true}]}}