{"id":775,"date":"2015-11-20T16:43:02","date_gmt":"2015-11-20T15:43:02","guid":{"rendered":"http:\/\/doqblvd.preview.infomaniak.com\/?page_id=775"},"modified":"2018-06-25T12:56:55","modified_gmt":"2018-06-25T11:56:55","slug":"what-can-be-done-pt","status":"publish","type":"page","link":"https:\/\/healthcareindanger.org\/pt-br\/what-can-be-done-pt\/","title":{"rendered":"O que pode ser feito"},"content":{"rendered":"<p><strong>Seis prioridades<\/strong><\/p>\n<p>&nbsp;<\/p>\n<p><a href=\"http:\/\/healthcareindanger.org\/wp-content\/uploads\/2017\/04\/4294_007-1.jpg\"><img loading=\"lazy\" decoding=\"async\" class=\"size-medium wp-image-1738 alignright\" src=\"http:\/\/healthcareindanger.org\/wp-content\/uploads\/2017\/04\/4294_007-1-211x300.jpg\" alt=\"HCID Leaflet on recommendations\" width=\"211\" height=\"300\" srcset=\"https:\/\/healthcareindanger.org\/wp-content\/uploads\/2017\/04\/4294_007-1-211x300.jpg 211w, https:\/\/healthcareindanger.org\/wp-content\/uploads\/2017\/04\/4294_007-1-768x1090.jpg 768w, https:\/\/healthcareindanger.org\/wp-content\/uploads\/2017\/04\/4294_007-1-722x1024.jpg 722w, https:\/\/healthcareindanger.org\/wp-content\/uploads\/2017\/04\/4294_007-1.jpg 1748w\" sizes=\"(max-width: 211px) 100vw, 211px\" \/><\/a>A iniciativa Assist\u00eancia \u00e0 Sa\u00fade em Perigo apresentou <strong>seis \u00e1reas <\/strong>nas quais o passo do compromisso \u00e0 a\u00e7\u00e3o significativa precisa ser uma prioridade para todos os envolvidos. Para cada \u00e1rea, A iniciativa identificou recomenda\u00e7\u00f5es e medidas pr\u00e1ticas para orientar as a\u00e7\u00f5es dos atores relevantes. Essa recomenda\u00e7\u00f5es e medidas abordam diversos aspectos relevantes para a <strong>preven\u00e7\u00e3o <\/strong>da viol\u00eancia contra a assist\u00eancia \u00e0 sa\u00fade e para a <strong>redu\u00e7\u00e3o do impacto <\/strong>da inseguran\u00e7a <strong>no<\/strong> <strong>acesso seguro e na presta\u00e7\u00e3o da assist\u00eancia \u00e0 sa\u00fade.<\/strong><\/p>\n<p>As recomenda\u00e7\u00f5es e medidas da iniciativa Assist\u00eancia \u00e0 Sa\u00fade em Perigo s\u00e3o frutos de um processo que durou dois anos e envolveu consultas e di\u00e1logos com diferentes atores: autoridades estatais, militares, grupos armados, profissionais de sa\u00fade, organiza\u00e7\u00f5es internacionais, sociedade civil e l\u00edderes religiosos, entre outros. O objetivo delas \u00e9 gerar o respeito pelo Direito Internacional Humanit\u00e1rio (DIH), o espa\u00e7o humanit\u00e1rio e as miss\u00f5es de servi\u00e7os de sa\u00fade que salvam vidas.<\/p>\n<p>A implementa\u00e7\u00e3o das recomenda\u00e7\u00f5es e medidas espec\u00edficas identificadas nas seis \u00e1reas pode ajudar os pa\u00edses a fortalecer a prote\u00e7\u00e3o dos profissionais, estabelecimentos e ve\u00edculos de sa\u00fade, ajudar tamb\u00e9m a desenvolver a resili\u00eancia do sistema de sa\u00fade nacional de cada pa\u00eds e garantir o acesso mais seguro \u00e0 assist\u00eancia \u00e0 sa\u00fade e a presta\u00e7\u00e3o imparcial e efetiva em particular durante conflitos armados e outras emerg\u00eancias<strong>.<\/strong><\/p>\n","protected":false},"excerpt":{"rendered":"<p>Seis prioridades &nbsp; A iniciativa Assist\u00eancia \u00e0 Sa\u00fade em Perigo apresentou seis \u00e1reas nas quais o passo do compromisso \u00e0 a\u00e7\u00e3o significativa precisa ser uma prioridade para todos os envolvidos. Para cada \u00e1rea, A iniciativa identificou recomenda\u00e7\u00f5es e medidas pr\u00e1ticas para orientar as a\u00e7\u00f5es dos atores relevantes. Essa recomenda\u00e7\u00f5es e medidas abordam diversos aspectos relevantes&#8230;  <a class=\"excerpt-read-more\" href=\"https:\/\/healthcareindanger.org\/pt-br\/what-can-be-done-pt\/\" title=\"Read O que pode ser feito\">Leia mais<\/a><\/p>\n","protected":false},"author":5,"featured_media":0,"parent":0,"menu_order":0,"comment_status":"closed","ping_status":"closed","template":"template-the-issue.php","meta":{"footnotes":""},"_links":{"self":[{"href":"https:\/\/healthcareindanger.org\/pt-br\/wp-json\/wp\/v2\/pages\/775"}],"collection":[{"href":"https:\/\/healthcareindanger.org\/pt-br\/wp-json\/wp\/v2\/pages"}],"about":[{"href":"https:\/\/healthcareindanger.org\/pt-br\/wp-json\/wp\/v2\/types\/page"}],"author":[{"embeddable":true,"href":"https:\/\/healthcareindanger.org\/pt-br\/wp-json\/wp\/v2\/users\/5"}],"replies":[{"embeddable":true,"href":"https:\/\/healthcareindanger.org\/pt-br\/wp-json\/wp\/v2\/comments?post=775"}],"version-history":[{"count":10,"href":"https:\/\/healthcareindanger.org\/pt-br\/wp-json\/wp\/v2\/pages\/775\/revisions"}],"predecessor-version":[{"id":1954,"href":"https:\/\/healthcareindanger.org\/pt-br\/wp-json\/wp\/v2\/pages\/775\/revisions\/1954"}],"wp:attachment":[{"href":"https:\/\/healthcareindanger.org\/pt-br\/wp-json\/wp\/v2\/media?parent=775"}],"curies":[{"name":"wp","href":"https:\/\/api.w.org\/{rel}","templated":true}]}}